{"id":11,"date":"2016-08-22T20:03:27","date_gmt":"2016-08-22T19:03:27","guid":{"rendered":"https:\/\/skolkajasenna.cz\/?page_id=11"},"modified":"2026-04-12T22:04:26","modified_gmt":"2026-04-12T21:04:26","slug":"o-nas","status":"publish","type":"page","link":"https:\/\/skolkajasenna.cz\/?page_id=11","title":{"rendered":"O n\u00e1s"},"content":{"rendered":"\n<h1 class=\"wp-block-heading has-blue-color has-text-color\">Charakteristika \u0161koly<\/h1>\n\n\n\n<p>Mate\u0159sk\u00e1 \u0161kola Jasenn\u00e1 je men\u0161\u00ed dvout\u0159\u00eddn\u00ed venkovsk\u00e1 mate\u0159sk\u00e1 \u0161kola rodinn\u00e9ho typu. Nach\u00e1z\u00ed se v klidn\u00e9m prost\u0159ed\u00ed obce a jej\u00ed vzd\u011bl\u00e1v\u00e1n\u00ed p\u0159irozen\u011b vych\u00e1z\u00ed z p\u0159\u00edrody, m\u00edstn\u00edch tradic a komunitn\u00edho \u017eivota Vala\u0161ska. Prost\u0159ed\u00ed \u0161koly umo\u017e\u0148uje d\u011btem vyr\u016fstat v \u00fazk\u00e9m kontaktu s p\u0159\u00edrodou i m\u00edstn\u00ed komunitou, co\u017e se p\u0159irozen\u011b prom\u00edt\u00e1 do ka\u017edodenn\u00edch \u010dinnost\u00ed.<\/p>\n\n\n\n<p>Budova mate\u0159sk\u00e9 \u0161koly je bezbari\u00e9rov\u011b p\u0159\u00edstupn\u00e1 a jej\u00ed okol\u00ed nab\u00edz\u00ed pestr\u00e9 mo\u017enosti pro vzd\u011bl\u00e1v\u00e1n\u00ed venku. \u0160koln\u00ed zahrada je vybavena hern\u00edmi prvky, alt\u00e1nem pro spole\u010dn\u00e1 setk\u00e1v\u00e1n\u00ed, pocitov\u00fdm chodn\u00edkem a dopravn\u00edm h\u0159i\u0161t\u011bm vytvo\u0159en\u00fdm p\u0159\u00edmo pedagogy \u0161koly. Venkovn\u00ed prost\u0159ed\u00ed je vn\u00edm\u00e1no jako p\u0159irozen\u00e1 u\u010debna podporuj\u00edc\u00ed pohyb, smyslov\u00e9 vn\u00edm\u00e1n\u00ed i soci\u00e1ln\u00ed u\u010den\u00ed.<\/p>\n\n\n\n<p>Men\u0161\u00ed kolektiv umo\u017e\u0148uje pedagog\u016fm dob\u0159e zn\u00e1t ka\u017ed\u00e9 d\u00edt\u011b i jeho rodinu a vytv\u00e1\u0159et prost\u0159ed\u00ed zalo\u017een\u00e9 na d\u016fv\u011b\u0159e a respektuj\u00edc\u00ed komunikaci. \u0160kola je dlouhodob\u011b zapojena do komunitn\u00edho \u017eivota obce a spolupracuje s m\u00edstn\u00edmi organizacemi i seniory \u017eij\u00edc\u00edmi ve stejn\u00e9 budov\u011b.<\/p>\n\n\n\n<p>Vzd\u011bl\u00e1vac\u00edm programem d\u011bti prov\u00e1zej\u00ed t\u0159\u00eddn\u00ed maskoti \u2013 Sovi\u010dka a V\u010deli\u010dka, kte\u0159\u00ed symbolizuj\u00ed bezpe\u010d\u00ed, kontinuitu a p\u0159irozen\u00fd p\u0159echod mezi jednotliv\u00fdmi etapami p\u0159ed\u0161koln\u00edho vzd\u011bl\u00e1v\u00e1n\u00ed.<\/p>\n\n\n\n<h1 class=\"wp-block-heading has-blue-color has-text-color\">Vize \u0161koly<\/h1>\n\n\n\n<p>Na\u0161e mate\u0159sk\u00e1 \u0161kola je men\u0161\u00ed venkovsk\u00e1 \u0161kola rodinn\u00e9ho typu se dv\u011bma t\u0159\u00eddami \u2013 t\u0159\u00eddou pro mlad\u0161\u00ed d\u011bti a t\u0159\u00eddou pro star\u0161\u00ed p\u0159ed\u0161kol\u00e1ky. V\u011b\u0159\u00edme, \u017ee ka\u017ed\u00e9 d\u00edt\u011b pot\u0159ebuje bezpe\u010d\u00ed, p\u0159ijet\u00ed a klidn\u00e9 prost\u0159ed\u00ed, ve kter\u00e9m m\u016f\u017ee r\u016fst sv\u00fdm vlastn\u00edm tempem.<\/p>\n\n\n\n<p>Stav\u00edme na laskav\u00fdch vztaz\u00edch, vz\u00e1jemn\u00e9m respektu a spolupr\u00e1ci s rodinou. Podporujeme d\u011bti v budov\u00e1n\u00ed sebejistoty, samostatnosti a radosti z objevov\u00e1n\u00ed. Velk\u00fd d\u016fraz klademe na ka\u017edodenn\u00ed pobyt venku a p\u0159irozen\u00fd kontakt s p\u0159\u00edrodou. \u0160koln\u00ed zahrada, pocitov\u00fd chodn\u00edk, dopravn\u00ed h\u0159i\u0161t\u011b i okoln\u00ed krajina jsou pro n\u00e1s p\u0159irozenou u\u010debnou.<\/p>\n\n\n\n<p>P\u0159irozenou sou\u010d\u00e1st\u00ed \u017eivota \u0161koly je tak\u00e9 mezigenera\u010dn\u00ed setk\u00e1v\u00e1n\u00ed \u2013 nap\u0159\u00edklad adventn\u00ed p\u00e1tky s babi\u010dkami a b\u00fdval\u00fdmi zam\u011bstnanci \u0161koly.<\/p>\n\n\n\n<p>Na\u0161\u00ed viz\u00ed je mate\u0159sk\u00e1 \u0161kola jako bezpe\u010dn\u00fd a inspirativn\u00ed prostor, kde d\u011bti vyr\u016fstaj\u00ed obklopen\u00e9 p\u0159\u00edrodou, porozum\u011bn\u00edm a radost\u00ed.<\/p>\n\n\n\n<h1 class=\"wp-block-heading has-blue-color has-text-color\">&nbsp;Vzd\u011bl\u00e1vac\u00ed c\u00edle \u0161koly<\/h1>\n\n\n\n<p>Vzd\u011bl\u00e1v\u00e1n\u00ed v M\u0160 Jasenn\u00e1 sm\u011b\u0159uje k: &#8211; harmonick\u00e9mu rozvoji d\u00edt\u011bte a jeho u\u010den\u00ed, &#8211; osvojen\u00ed hodnot d\u016fle\u017eit\u00fdch pro \u017eivot ve spole\u010dnosti, &#8211; podpo\u0159e samostatnosti a osobn\u00ed odpov\u011bdnosti d\u00edt\u011bte.<\/p>\n\n\n\n<figure class=\"wp-block-image size-large\"><a href=\"https:\/\/skolkajasenna.cz\/wp-content\/uploads\/2022\/10\/IMG_4392-1-scaled.jpg\"><img decoding=\"async\" loading=\"lazy\" width=\"768\" height=\"1024\" src=\"https:\/\/skolkajasenna.cz\/wp-content\/uploads\/2022\/10\/IMG_4392-1-768x1024.jpg\" alt=\"\" class=\"wp-image-1664\" srcset=\"https:\/\/skolkajasenna.cz\/wp-content\/uploads\/2022\/10\/IMG_4392-1-768x1024.jpg 768w, https:\/\/skolkajasenna.cz\/wp-content\/uploads\/2022\/10\/IMG_4392-1-225x300.jpg 225w, https:\/\/skolkajasenna.cz\/wp-content\/uploads\/2022\/10\/IMG_4392-1-1152x1536.jpg 1152w, https:\/\/skolkajasenna.cz\/wp-content\/uploads\/2022\/10\/IMG_4392-1-1536x2048.jpg 1536w, https:\/\/skolkajasenna.cz\/wp-content\/uploads\/2022\/10\/IMG_4392-1-scaled.jpg 1920w\" sizes=\"(max-width: 768px) 100vw, 768px\" \/><\/a><\/figure>\n\n\n\n<figure class=\"wp-block-image size-large\"><a href=\"https:\/\/skolkajasenna.cz\/wp-content\/uploads\/2022\/10\/IMG_4381-scaled.jpg\"><img decoding=\"async\" loading=\"lazy\" width=\"1024\" height=\"768\" src=\"https:\/\/skolkajasenna.cz\/wp-content\/uploads\/2022\/10\/IMG_4381-1024x768.jpg\" alt=\"\" class=\"wp-image-1655\" srcset=\"https:\/\/skolkajasenna.cz\/wp-content\/uploads\/2022\/10\/IMG_4381-1024x768.jpg 1024w, https:\/\/skolkajasenna.cz\/wp-content\/uploads\/2022\/10\/IMG_4381-300x225.jpg 300w, https:\/\/skolkajasenna.cz\/wp-content\/uploads\/2022\/10\/IMG_4381-768x576.jpg 768w, https:\/\/skolkajasenna.cz\/wp-content\/uploads\/2022\/10\/IMG_4381-1536x1152.jpg 1536w, https:\/\/skolkajasenna.cz\/wp-content\/uploads\/2022\/10\/IMG_4381-2048x1536.jpg 2048w\" sizes=\"(max-width: 1024px) 100vw, 1024px\" \/><\/a><\/figure>\n\n\n\n<p><\/p>\n\n\n\n<div class=\"wp-block-media-text alignwide has-media-on-the-right is-stacked-on-mobile\"><figure class=\"wp-block-media-text__media\"><a href=\"https:\/\/skolkajasenna.cz\/wp-content\/uploads\/2022\/10\/IMG_4372-scaled.jpg\"><img decoding=\"async\" loading=\"lazy\" width=\"768\" height=\"1024\" src=\"https:\/\/skolkajasenna.cz\/wp-content\/uploads\/2022\/10\/IMG_4372-768x1024.jpg\" alt=\"\" class=\"wp-image-1652 size-full\" srcset=\"https:\/\/skolkajasenna.cz\/wp-content\/uploads\/2022\/10\/IMG_4372-768x1024.jpg 768w, https:\/\/skolkajasenna.cz\/wp-content\/uploads\/2022\/10\/IMG_4372-225x300.jpg 225w, https:\/\/skolkajasenna.cz\/wp-content\/uploads\/2022\/10\/IMG_4372-1152x1536.jpg 1152w, https:\/\/skolkajasenna.cz\/wp-content\/uploads\/2022\/10\/IMG_4372-1536x2048.jpg 1536w, https:\/\/skolkajasenna.cz\/wp-content\/uploads\/2022\/10\/IMG_4372-scaled.jpg 1920w\" sizes=\"(max-width: 768px) 100vw, 768px\" \/><\/a><\/figure><div class=\"wp-block-media-text__content\">\n<figure class=\"wp-block-image size-large\"><a href=\"https:\/\/skolkajasenna.cz\/wp-content\/uploads\/2022\/10\/IMG_4380-scaled.jpg\"><img decoding=\"async\" loading=\"lazy\" width=\"1024\" height=\"768\" src=\"https:\/\/skolkajasenna.cz\/wp-content\/uploads\/2022\/10\/IMG_4380-1024x768.jpg\" alt=\"\" class=\"wp-image-1662\" srcset=\"https:\/\/skolkajasenna.cz\/wp-content\/uploads\/2022\/10\/IMG_4380-1024x768.jpg 1024w, https:\/\/skolkajasenna.cz\/wp-content\/uploads\/2022\/10\/IMG_4380-300x225.jpg 300w, https:\/\/skolkajasenna.cz\/wp-content\/uploads\/2022\/10\/IMG_4380-768x576.jpg 768w, https:\/\/skolkajasenna.cz\/wp-content\/uploads\/2022\/10\/IMG_4380-1536x1152.jpg 1536w, https:\/\/skolkajasenna.cz\/wp-content\/uploads\/2022\/10\/IMG_4380-2048x1536.jpg 2048w\" sizes=\"(max-width: 1024px) 100vw, 1024px\" \/><\/a><\/figure>\n<\/div><\/div>\n\n\n\n<div class=\"wp-block-media-text alignwide is-stacked-on-mobile\"><figure class=\"wp-block-media-text__media\"><img decoding=\"async\" loading=\"lazy\" width=\"1024\" height=\"768\" src=\"https:\/\/skolkajasenna.cz\/wp-content\/uploads\/2022\/10\/IMG_4385-1-1024x768.jpg\" alt=\"\" class=\"wp-image-1651 size-full\" srcset=\"https:\/\/skolkajasenna.cz\/wp-content\/uploads\/2022\/10\/IMG_4385-1-1024x768.jpg 1024w, https:\/\/skolkajasenna.cz\/wp-content\/uploads\/2022\/10\/IMG_4385-1-300x225.jpg 300w, https:\/\/skolkajasenna.cz\/wp-content\/uploads\/2022\/10\/IMG_4385-1-768x576.jpg 768w, https:\/\/skolkajasenna.cz\/wp-content\/uploads\/2022\/10\/IMG_4385-1-1536x1152.jpg 1536w, https:\/\/skolkajasenna.cz\/wp-content\/uploads\/2022\/10\/IMG_4385-1-2048x1536.jpg 2048w\" sizes=\"(max-width: 1024px) 100vw, 1024px\" \/><\/figure><div class=\"wp-block-media-text__content\">\n<figure class=\"wp-block-image size-large\"><a href=\"https:\/\/skolkajasenna.cz\/wp-content\/uploads\/2022\/10\/IMG_4383-2-scaled.jpg\"><img decoding=\"async\" loading=\"lazy\" width=\"1024\" height=\"768\" src=\"https:\/\/skolkajasenna.cz\/wp-content\/uploads\/2022\/10\/IMG_4383-2-1024x768.jpg\" alt=\"\" class=\"wp-image-1661\" srcset=\"https:\/\/skolkajasenna.cz\/wp-content\/uploads\/2022\/10\/IMG_4383-2-1024x768.jpg 1024w, https:\/\/skolkajasenna.cz\/wp-content\/uploads\/2022\/10\/IMG_4383-2-300x225.jpg 300w, https:\/\/skolkajasenna.cz\/wp-content\/uploads\/2022\/10\/IMG_4383-2-768x576.jpg 768w, https:\/\/skolkajasenna.cz\/wp-content\/uploads\/2022\/10\/IMG_4383-2-1536x1152.jpg 1536w, https:\/\/skolkajasenna.cz\/wp-content\/uploads\/2022\/10\/IMG_4383-2-2048x1536.jpg 2048w\" sizes=\"(max-width: 1024px) 100vw, 1024px\" \/><\/a><\/figure>\n<\/div><\/div>\n\n\n\n<p><span style=\"font-size: large;\"> <\/span><\/p>\n\n\n<div class=\"wp-block-image\">\n<figure class=\"aligncenter size-large\"><img decoding=\"async\" loading=\"lazy\" width=\"768\" height=\"1024\" src=\"https:\/\/skolkajasenna.cz\/wp-content\/uploads\/2022\/10\/IMG_4390-768x1024.jpg\" alt=\"\" class=\"wp-image-1654\" srcset=\"https:\/\/skolkajasenna.cz\/wp-content\/uploads\/2022\/10\/IMG_4390-768x1024.jpg 768w, https:\/\/skolkajasenna.cz\/wp-content\/uploads\/2022\/10\/IMG_4390-225x300.jpg 225w, https:\/\/skolkajasenna.cz\/wp-content\/uploads\/2022\/10\/IMG_4390-1152x1536.jpg 1152w, https:\/\/skolkajasenna.cz\/wp-content\/uploads\/2022\/10\/IMG_4390-1536x2048.jpg 1536w, https:\/\/skolkajasenna.cz\/wp-content\/uploads\/2022\/10\/IMG_4390-scaled.jpg 1920w\" sizes=\"(max-width: 768px) 100vw, 768px\" \/><\/figure><\/div>\n\n\n<p><span style=\"font-size: large;\">&nbsp;<\/span><\/p>\n","protected":false},"excerpt":{"rendered":"<p>Charakteristika \u0161koly Mate\u0159sk\u00e1 \u0161kola Jasenn\u00e1 je men\u0161\u00ed dvout\u0159\u00eddn\u00ed venkovsk\u00e1 mate\u0159sk\u00e1 \u0161kola rodinn\u00e9ho typu. Nach\u00e1z\u00ed se v klidn\u00e9m prost\u0159ed\u00ed obce a jej\u00ed vzd\u011bl\u00e1v\u00e1n\u00ed p\u0159irozen\u011b vych\u00e1z\u00ed z p\u0159\u00edrody, m\u00edstn\u00edch tradic a komunitn\u00edho \u017eivota Vala\u0161ska. Prost\u0159ed\u00ed \u0161koly umo\u017e\u0148uje d\u011btem vyr\u016fstat v \u00fazk\u00e9m kontaktu s p\u0159\u00edrodou i m\u00edstn\u00ed komunitou, co\u017e se p\u0159irozen\u011b prom\u00edt\u00e1 do ka\u017edodenn\u00edch \u010dinnost\u00ed. Budova mate\u0159sk\u00e9 \u0161koly [&hellip;]<\/p>\n","protected":false},"author":1,"featured_media":0,"parent":0,"menu_order":2,"comment_status":"closed","ping_status":"open","template":"","meta":[],"_links":{"self":[{"href":"https:\/\/skolkajasenna.cz\/index.php?rest_route=\/wp\/v2\/pages\/11"}],"collection":[{"href":"https:\/\/skolkajasenna.cz\/index.php?rest_route=\/wp\/v2\/pages"}],"about":[{"href":"https:\/\/skolkajasenna.cz\/index.php?rest_route=\/wp\/v2\/types\/page"}],"author":[{"embeddable":true,"href":"https:\/\/skolkajasenna.cz\/index.php?rest_route=\/wp\/v2\/users\/1"}],"replies":[{"embeddable":true,"href":"https:\/\/skolkajasenna.cz\/index.php?rest_route=%2Fwp%2Fv2%2Fcomments&post=11"}],"version-history":[{"count":31,"href":"https:\/\/skolkajasenna.cz\/index.php?rest_route=\/wp\/v2\/pages\/11\/revisions"}],"predecessor-version":[{"id":22326,"href":"https:\/\/skolkajasenna.cz\/index.php?rest_route=\/wp\/v2\/pages\/11\/revisions\/22326"}],"wp:attachment":[{"href":"https:\/\/skolkajasenna.cz\/index.php?rest_route=%2Fwp%2Fv2%2Fmedia&parent=11"}],"curies":[{"name":"wp","href":"https:\/\/api.w.org\/{rel}","templated":true}]}}