{"id":129,"date":"2016-09-01T19:07:05","date_gmt":"2016-09-01T18:07:05","guid":{"rendered":"https:\/\/skolkajasenna.cz\/?page_id=129"},"modified":"2021-04-13T06:23:30","modified_gmt":"2021-04-13T05:23:30","slug":"o-projektu-zdrava-skolni-jidelna","status":"publish","type":"page","link":"https:\/\/skolkajasenna.cz\/?page_id=129","title":{"rendered":"O projektu Zdrav\u00e1 \u0161koln\u00ed j\u00eddelna"},"content":{"rendered":"<p align=\"JUSTIFY\">\u0160koln\u00ed j\u00eddelna, kterou nav\u0161t\u011bvuje Va\u0161e d\u00edt\u011b, se p\u0159ihl\u00e1sila do projektu <strong>Zdrav\u00e1 \u0161koln\u00ed j\u00eddelna.<\/strong> Projekt p\u0159in\u00e1\u0161\u00ed rady, recepty a p\u0159\u00edru\u010dky, kter\u00e9 pom\u00e1haj\u00ed \u0161koln\u00ed j\u00eddelnu sladit<br \/>\ns nejmodern\u011bj\u0161\u00edmi poznatky o zdrav\u00e9 v\u00fd\u017eiv\u011b. Jedn\u00e1 se o zpest\u0159en\u00ed a zatraktivn\u011bn\u00ed \u0161koln\u00edho stravov\u00e1n\u00ed dle soudob\u00fdch v\u011bdeck\u00fdch informac\u00ed a trend\u016f pod dohledem odborn\u00edk\u016f. \u0160koln\u00ed j\u00eddelna m\u016f\u017ee po spln\u011bn\u00ed deseti krit\u00e9ri\u00ed z\u00edskat <strong>presti\u017en\u00ed certifik\u00e1t Zdrav\u00e1 \u0161koln\u00ed j\u00eddelna.<\/strong><\/p>\n<h5>Projekt stav\u00ed na t\u011bchto z\u00e1kladn\u00edch informac\u00edch:<\/h5>\n<ul>\n<li>Podle WHO lze spr\u00e1vnou p\u00e9\u010d\u00ed o zdrav\u00ed p\u0159edej\u00edt 80 % onemocn\u011bn\u00ed srdce a c\u00e9v, 80 % cukrovky 2. typu a 40 % n\u00e1dorov\u00fdch onemocn\u011bn\u00ed<\/li>\n<li>\n<p align=\"JUSTIFY\">D\u011btstv\u00ed a adolescence jsou kritick\u00fdm obdob\u00edm v \u017eivot\u011b \u010dlov\u011bka z&nbsp;hlediska zdrav\u00ed, ale<br \/>\ni rozvoje osobnosti. V&nbsp;tomto obdob\u00ed jsou fyziologicky zv\u00fd\u0161en\u00e9 po\u017eadavky na nutri\u010dn\u011b plnohodnotnou stravu.<\/p>\n<\/li>\n<li>Stravovac\u00ed n\u00e1vyky a \u017eivotn\u00ed styl, kter\u00fd si jedinci upevn\u00ed ji\u017e v&nbsp;d\u011btstv\u00ed, zpravidla p\u0159etrv\u00e1vaj\u00ed do dosp\u011blosti.<\/li>\n<\/ul>\n<h5 align=\"JUSTIFY\">10 krit\u00e9ri\u00ed, kter\u00e9 je nutn\u00e9 splnit pro z\u00edsk\u00e1n\u00ed certifik\u00e1tu<\/h5>\n<ol>\n<li>&nbsp;Pitn\u00fd re\u017eim s&nbsp;omezen\u00edm cukr\u016f.<\/li>\n<li>&nbsp;J\u00eddeln\u00ed\u010dek je sestaven dle pravidel Nutri\u010dn\u00edho doporu\u010den\u00ed ke spot\u0159ebn\u00edmu ko\u0161i.<\/li>\n<li>Spot\u0159ebn\u00ed ko\u0161 je veden spr\u00e1vn\u011b a bezchybn\u011b.<\/li>\n<li>Omezen\u00ed pou\u017e\u00edv\u00e1n\u00ed dochucovadel a instantn\u00edch dehydratovan\u00fdch sm\u011bs\u00ed.<\/li>\n<li>Nepou\u017e\u00edv\u00e1n\u00ed polotovar\u016f vysok\u00e9ho stupn\u011b konvenience.<\/li>\n<li>J\u00eddeln\u00ed\u010dek je ve\u0159ejn\u011b dostupn\u00fd.<\/li>\n<li>\u201eV\u00edm co j\u00edm\u201c \u2013 za\u0159azov\u00e1n\u00ed receptur s limitovan\u00fdm mno\u017estv\u00edm soli.<\/li>\n<li>V\u00fdzdoba j\u00eddelny.<\/li>\n<li>Komunikace j\u00eddelny s rodi\u010di, \u017e\u00e1ky a pedagogy.<\/li>\n<li>\u010ctvero ro\u010dn\u00edch obdob\u00ed \u2013 za\u0159azov\u00e1n\u00ed sez\u00f3nn\u00edch potravin.<\/li>\n<\/ol>\n<p><img decoding=\"async\" loading=\"lazy\" class=\"alignnone wp-image-84 size-full\" src=\"https:\/\/skolkajasenna.cz\/wp-content\/uploads\/2016\/08\/ministerstvo-zdravotnictv\u00ed.png\" alt=\"Ministerstvo zdravotnictv\u00ed \u010cR\" width=\"170\" height=\"104\"><\/p>\n","protected":false},"excerpt":{"rendered":"<p>\u0160koln\u00ed j\u00eddelna, kterou nav\u0161t\u011bvuje Va\u0161e d\u00edt\u011b, se p\u0159ihl\u00e1sila do projektu Zdrav\u00e1 \u0161koln\u00ed j\u00eddelna. Projekt p\u0159in\u00e1\u0161\u00ed rady, recepty a p\u0159\u00edru\u010dky, kter\u00e9 pom\u00e1haj\u00ed \u0161koln\u00ed j\u00eddelnu sladit s nejmodern\u011bj\u0161\u00edmi poznatky o zdrav\u00e9 v\u00fd\u017eiv\u011b. Jedn\u00e1 se o zpest\u0159en\u00ed a zatraktivn\u011bn\u00ed \u0161koln\u00edho stravov\u00e1n\u00ed dle soudob\u00fdch v\u011bdeck\u00fdch informac\u00ed a trend\u016f pod dohledem odborn\u00edk\u016f. \u0160koln\u00ed j\u00eddelna m\u016f\u017ee po spln\u011bn\u00ed deseti krit\u00e9ri\u00ed z\u00edskat [&hellip;]<\/p>\n","protected":false},"author":1,"featured_media":0,"parent":1274,"menu_order":0,"comment_status":"closed","ping_status":"closed","template":"","meta":[],"_links":{"self":[{"href":"https:\/\/skolkajasenna.cz\/index.php?rest_route=\/wp\/v2\/pages\/129"}],"collection":[{"href":"https:\/\/skolkajasenna.cz\/index.php?rest_route=\/wp\/v2\/pages"}],"about":[{"href":"https:\/\/skolkajasenna.cz\/index.php?rest_route=\/wp\/v2\/types\/page"}],"author":[{"embeddable":true,"href":"https:\/\/skolkajasenna.cz\/index.php?rest_route=\/wp\/v2\/users\/1"}],"replies":[{"embeddable":true,"href":"https:\/\/skolkajasenna.cz\/index.php?rest_route=%2Fwp%2Fv2%2Fcomments&post=129"}],"version-history":[{"count":3,"href":"https:\/\/skolkajasenna.cz\/index.php?rest_route=\/wp\/v2\/pages\/129\/revisions"}],"predecessor-version":[{"id":1277,"href":"https:\/\/skolkajasenna.cz\/index.php?rest_route=\/wp\/v2\/pages\/129\/revisions\/1277"}],"up":[{"embeddable":true,"href":"https:\/\/skolkajasenna.cz\/index.php?rest_route=\/wp\/v2\/pages\/1274"}],"wp:attachment":[{"href":"https:\/\/skolkajasenna.cz\/index.php?rest_route=%2Fwp%2Fv2%2Fmedia&parent=129"}],"curies":[{"name":"wp","href":"https:\/\/api.w.org\/{rel}","templated":true}]}}