{"id":13,"date":"2016-08-22T20:05:59","date_gmt":"2016-08-22T19:05:59","guid":{"rendered":"https:\/\/skolkajasenna.cz\/?page_id=13"},"modified":"2025-03-14T08:52:38","modified_gmt":"2025-03-14T07:52:38","slug":"plan-akci","status":"publish","type":"page","link":"https:\/\/skolkajasenna.cz\/?page_id=13","title":{"rendered":"Pl\u00e1n akc\u00ed"},"content":{"rendered":"\n<p><strong>21. 3. Mal\u00e1 technick\u00e1 univerzita \u2013 p\u0159ed\u0161kol\u00e1ci \u00a0\u00a0\u00a0\u00a0\u00a0\u00a0\u00a0\u00a0\u00a0\u00a0\u00a0\u00a0\u00a0\u00a0\u00a0\u00a0\u00a0\u00a0\u00a0\u00a0\u00a0\u00a0\u00a0\u00a0\u00a0\u00a0\u00a0\u00a0\u00a0\u00a0\u00a0\u00a0                                                                                       \u00a0\u00a0\u00a0 \u00a0\u00a0\u00a0\u00a0\u00a0\u00a0 + cca 8 nejstar\u0161\u00edch d\u011bt\u00ed ze t\u0159\u00eddy Sovi\u010dky \u2013 hrazeno z\u00a0projektu MAS<\/strong><\/p>\n\n\n\n<p><strong>26. 3. Knihovna Vizovice SOVI\u010cKY cca 20 d\u011bt\u00ed<\/strong><\/p>\n\n\n\n<p><strong>27. 3. Knihovna Vizovice &#8211; p\u0159ed\u0161kol\u00e1ci + cca 8 nejstar\u0161\u00edch d\u011bt\u00ed ze t\u0159\u00eddy Sovi\u010dky<\/strong><\/p>\n\n\n\n<p><strong>2. 4. Canisterapie v&nbsp;M\u0160<\/strong><\/p>\n\n\n\n<p><strong>22. 4. Mal\u00e1 technick\u00e1 univerzita \u2013 p\u0159ed\u0161kol\u00e1ci\u00a0\u00a0\u00a0\u00a0\u00a0\u00a0\u00a0\u00a0\u00a0\u00a0\u00a0\u00a0\u00a0\u00a0\u00a0\u00a0\u00a0\u00a0\u00a0\u00a0\u00a0\u00a0\u00a0\u00a0\u00a0\u00a0\u00a0\u00a0\u00a0\u00a0\u00a0\u00a0\u00a0\u00a0\u00a0\u00a0 \u00a0\u00a0\u00a0\u00a0\u00a0\u00a0\u00a0\u00a0\u00a0\u00a0                                                                                                   \u00a0\u00a0\u00a0\u00a0 + cca 8 nejstar\u0161\u00edch d\u011bt\u00ed ze t\u0159\u00eddy Sovi\u010dky \u2013 hrazeno z\u00a0projektu MAS<\/strong><\/p>\n\n\n\n<p><strong>24. 4. Projektov\u00fd den v\u00a0M\u0160\u00a0\u00a0\u00a0\u00a0\u00a0\u00a0\u00a0\u00a0\u00a0\u00a0\u00a0\u00a0\u00a0\u00a0\u00a0\u00a0\u00a0\u00a0\u00a0\u00a0\u00a0\u00a0\u00a0\u00a0\u00a0\u00a0\u00a0\u00a0\u00a0\u00a0\u00a0\u00a0\u00a0\u00a0\u00a0\u00a0\u00a0\u00a0\u00a0\u00a0\u00a0\u00a0\u00a0\u00a0\u00a0\u00a0\u00a0\u00a0\u00a0\u00a0\u00a0\u00a0\u00a0                                                                                         \u00a0\u00a0\u00a0 \u00a0\u00a0\u00a0\u00a0\u00a0\u00a0\u00a0\u00a0\u00a0\u00a0\u00a0\u00a0\u00a0\u00a0 \u2013 hrazeno z\u00a0projektu \u0160ABLONY JAK II.<\/strong><\/p>\n\n\n\n<p><strong>29. 4. Den otev\u0159en\u00fdch dve\u0159\u00ed<\/strong><\/p>\n\n\n\n<p><strong>6. 5. Mal\u00e1 technick\u00e1 univerzita \u2013 p\u0159ed\u0161kol\u00e1ci\u00a0\u00a0\u00a0\u00a0\u00a0\u00a0\u00a0\u00a0\u00a0\u00a0\u00a0\u00a0\u00a0\u00a0\u00a0\u00a0\u00a0\u00a0\u00a0\u00a0\u00a0\u00a0\u00a0\u00a0\u00a0\u00a0\u00a0\u00a0\u00a0\u00a0\u00a0\u00a0\u00a0\u00a0\u00a0\u00a0\u00a0 \u00a0\u00a0                                                                                                         \u00a0\u00a0\u00a0\u00a0 + cca 8 nejstar\u0161\u00edch d\u011bt\u00ed ze t\u0159\u00eddy Sovi\u010dky \u2013 hrazeno z\u00a0projektu MAS<\/strong><\/p>\n\n\n\n<p><strong>13. 5. Z\u00e1pis do M\u0160<\/strong><\/p>\n\n\n\n<p><strong>27. 5.\u00a0 V\u00fdlet V\u010deli\u010dky + cca 8 nejstar\u0161\u00edch d\u011bt\u00ed ze t\u0159\u00eddy Sovi\u010dky\u00a0\u00a0\u00a0\u00a0\u00a0\u00a0\u00a0\u00a0\u00a0\u00a0\u00a0\u00a0                                                                       \u00a0\u00a0\u00a0 \u00a0\u00a0\u00a0\u00a0\u00a0\u00a0\u00a0\u00a0\u00a0\u00a0\u00a0\u00a0\u00a0\u00a0\u00a0\u00a0\u00a0\u00a0\u00a0\u00a0\u00a0 Pir\u00e1tsk\u00e1 lo\u010f Hodon\u00edn \u2013 jedeme spole\u010dn\u011b s\u00a0M\u0160 Z\u00e1dve\u0159ice<\/strong><\/p>\n\n\n\n<p><strong>4. 6. V\u00fdlet SOVI\u010cKY \u2013 cca 20 nejmlad\u0161\u00edch d\u011bt\u00ed \u2013 ZV\u011aROBANDA \u2013 Lipsk\u00e9 paseky\u00a0\u00a0\u00a0\u00a0\u00a0\u00a0\u00a0\u00a0\u00a0\u00a0\u00a0\u00a0\u00a0                                                                   \u00a0\u00a0\u00a0\u00a0\u00a0\u00a0\u00a0\u00a0\u00a0\u00a0\u00a0\u00a0\u00a0\u00a0\u00a0\u00a0 \u2013 jedeme spole\u010dn\u011b s\u00a0M\u0160 Z\u00e1dve\u0159ice<\/strong><\/p>\n\n\n","protected":false},"excerpt":{"rendered":"<p>21. 3. Mal\u00e1 technick\u00e1 univerzita \u2013 p\u0159ed\u0161kol\u00e1ci \u00a0\u00a0\u00a0\u00a0\u00a0\u00a0\u00a0\u00a0\u00a0\u00a0\u00a0\u00a0\u00a0\u00a0\u00a0\u00a0\u00a0\u00a0\u00a0\u00a0\u00a0\u00a0\u00a0\u00a0\u00a0\u00a0\u00a0\u00a0\u00a0\u00a0\u00a0\u00a0 \u00a0\u00a0\u00a0 \u00a0\u00a0\u00a0\u00a0\u00a0\u00a0 + cca 8 nejstar\u0161\u00edch d\u011bt\u00ed ze t\u0159\u00eddy Sovi\u010dky \u2013 hrazeno z\u00a0projektu MAS 26. 3. Knihovna Vizovice SOVI\u010cKY cca 20 d\u011bt\u00ed 27. 3. Knihovna Vizovice &#8211; p\u0159ed\u0161kol\u00e1ci + cca 8 nejstar\u0161\u00edch d\u011bt\u00ed ze t\u0159\u00eddy Sovi\u010dky 2. 4. Canisterapie v&nbsp;M\u0160 22. 4. Mal\u00e1 technick\u00e1 univerzita \u2013 p\u0159ed\u0161kol\u00e1ci\u00a0\u00a0\u00a0\u00a0\u00a0\u00a0\u00a0\u00a0\u00a0\u00a0\u00a0\u00a0\u00a0\u00a0\u00a0\u00a0\u00a0\u00a0\u00a0\u00a0\u00a0\u00a0\u00a0\u00a0\u00a0\u00a0\u00a0\u00a0\u00a0\u00a0\u00a0\u00a0\u00a0\u00a0\u00a0\u00a0 [&hellip;]<\/p>\n","protected":false},"author":1,"featured_media":0,"parent":0,"menu_order":0,"comment_status":"closed","ping_status":"open","template":"","meta":[],"_links":{"self":[{"href":"https:\/\/skolkajasenna.cz\/index.php?rest_route=\/wp\/v2\/pages\/13"}],"collection":[{"href":"https:\/\/skolkajasenna.cz\/index.php?rest_route=\/wp\/v2\/pages"}],"about":[{"href":"https:\/\/skolkajasenna.cz\/index.php?rest_route=\/wp\/v2\/types\/page"}],"author":[{"embeddable":true,"href":"https:\/\/skolkajasenna.cz\/index.php?rest_route=\/wp\/v2\/users\/1"}],"replies":[{"embeddable":true,"href":"https:\/\/skolkajasenna.cz\/index.php?rest_route=%2Fwp%2Fv2%2Fcomments&post=13"}],"version-history":[{"count":96,"href":"https:\/\/skolkajasenna.cz\/index.php?rest_route=\/wp\/v2\/pages\/13\/revisions"}],"predecessor-version":[{"id":2308,"href":"https:\/\/skolkajasenna.cz\/index.php?rest_route=\/wp\/v2\/pages\/13\/revisions\/2308"}],"wp:attachment":[{"href":"https:\/\/skolkajasenna.cz\/index.php?rest_route=%2Fwp%2Fv2%2Fmedia&parent=13"}],"curies":[{"name":"wp","href":"https:\/\/api.w.org\/{rel}","templated":true}]}}