{"id":136,"date":"2016-09-01T19:19:04","date_gmt":"2016-09-01T18:19:04","guid":{"rendered":"https:\/\/skolkajasenna.cz\/?page_id=136"},"modified":"2026-03-23T21:05:48","modified_gmt":"2026-03-23T20:05:48","slug":"krouzky","status":"publish","type":"page","link":"https:\/\/skolkajasenna.cz\/?page_id=136","title":{"rendered":"Aktivity pro p\u0159ed\u0161kol\u00e1ky"},"content":{"rendered":"\n<h2 class=\"wp-block-heading\"><strong>Val\u00e1\u0161ek (logopedick\u00e1 prevence)<\/strong><\/h2>\n\n\n\n<p><strong>C\u00edl:<\/strong> Otev\u0159\u00edt d\u011btem cestu k hudb\u011b, podpo\u0159it rytmick\u00e9 c\u00edt\u011bn\u00ed, rozv\u00edjet hudebn\u011b\u2013pohybov\u00e9 schopnosti a&nbsp;z\u00e1rove\u0148 systematicky posilovat komunika\u010dn\u00ed dovednosti jako sou\u010d\u00e1st logopedick\u00e9 prevence.<\/p>\n\n\n\n<p>D\u011bti se seznamuj\u00ed s tradicemi Vala\u0161ska prost\u0159ednictv\u00edm lidov\u00fdch p\u00edsn\u00ed a tanc\u016f. V krou\u017eku z\u00edsk\u00e1vaj\u00ed p\u0159irozen\u00fd n\u00e1hled do vala\u0161sk\u00fdch zvyk\u016f a kultury, u\u010d\u00ed se z\u00e1kladn\u00ed tane\u010dn\u00ed kroky i jednoduch\u00e9 \u201e\u0161k\u00e1dlivky\u201c a za\u017e\u00edvaj\u00ed p\u0159i nich mnoho radosti. P\u0159i zp\u011bvu a \u0159\u00edkadlech se rozv\u00edj\u00ed nejen rytmus a hudebn\u00ed sluch, ale tak\u00e9 spr\u00e1vn\u00e1 v\u00fdslovnost, dechov\u00e1 technika, rytmizace \u0159e\u010di a obohacov\u00e1n\u00ed slovn\u00ed z\u00e1soby. Tyto aktivity tak maj\u00ed v\u00fdrazn\u00fd preventivn\u00ed p\u0159\u00ednos v oblasti logopedie a podporuj\u00ed p\u0159irozen\u00fd rozvoj \u0159e\u010dov\u00fdch dovednost\u00ed.<\/p>\n\n\n\n<p><strong>Pan\u00ed u\u010ditelky:<\/strong> Bc. Jitka Mal\u00e1 a Ing. Pavla Masa\u0159\u00edkov\u00e1<\/p>\n\n\n\n<h2 class=\"wp-block-heading\"><strong>V\u00fdtvarn\u00e9 aktivity (s grafomotorikou a logopedickou prevenc\u00ed)<\/strong><\/h2>\n\n\n\n<p><strong>C\u00edl:<\/strong> Sezn\u00e1mit d\u011bti s nov\u00fdmi technikami v oblasti v\u00fdtvarn\u00e9 a pracovn\u00ed v\u00fdchovy, podporovat rozvoj grafomotorick\u00fdch dovednost\u00ed a p\u0159irozen\u00e9 komunika\u010dn\u00ed schopnosti jako sou\u010d\u00e1st logopedick\u00e9 prevence.<\/p>\n\n\n\n<p>D\u011bti si osvojuj\u00ed z\u00e1kladn\u00ed v\u00fdtvarn\u00e9 dovednosti, pozn\u00e1vaj\u00ed r\u016fzn\u00e9 vyjad\u0159ovac\u00ed prost\u0159edky, materi\u00e1ly a tv\u016fr\u010d\u00ed postupy (tzv. \u201emy\u0161len\u00ed v materi\u00e1lu\u201c). Velk\u00fd d\u016fraz je kladen na grafomotorick\u00e1 cvi\u010den\u00ed \u2013 jemnou motoriku, koordinaci oko\u2013ruka, spr\u00e1vn\u00e9 dr\u017een\u00ed psac\u00edho n\u00e1\u010din\u00ed i schopnost soust\u0159ed\u011bn\u00ed. Tyto \u010dinnosti p\u0159irozen\u011b podporuj\u00ed spr\u00e1vn\u00fd v\u00fdvoj \u0159e\u010di a p\u016fsob\u00ed preventivn\u011b proti obt\u00ed\u017e\u00edm, kter\u00e9 by se mohly projevit p\u0159i psan\u00ed v prvn\u00ed t\u0159\u00edd\u011b.<\/p>\n\n\n\n<p>Od ledna do b\u0159ezna prob\u00edhaj\u00ed grafomotorick\u00e1 cvi\u010den\u00ed podle metodiky PaedDr. Yvety Heyrovsk\u00e9. Tato forma pr\u00e1ce se dlouhodob\u011b osv\u011bd\u010dila jako z\u00e1bavn\u00e1 a \u00fa\u010dinn\u00e1 prevence pot\u00ed\u017e\u00ed s psan\u00edm u\u00a0p\u0159ed\u0161kol\u00e1k\u016f        <\/p>\n\n\n\n<p><strong>Pan\u00ed u\u010ditelky:<\/strong> Jana Kov\u00e1\u0159ov\u00e1 a Bc. Dorota Bittmanov\u00e1                                                      <\/p>\n\n\n\n<h2 class=\"wp-block-heading\"><strong>Angli\u010dtina<\/strong><\/h2>\n\n\n\n<p><strong>C\u00edl:<\/strong> Hravou a p\u0159irozenou formou seznamovat d\u011bti s angli\u010dtinou a podporovat vytv\u00e1\u0159en\u00ed kladn\u00e9ho vztahu k ciz\u00edmu jazyku.<\/p>\n\n\n\n<p>D\u011bti se v r\u00e1mci kolektivu cel\u00e9 t\u0159\u00eddy nen\u00e1siln\u011b setk\u00e1vaj\u00ed s angli\u010dtinou prost\u0159ednictv\u00edm her, p\u00edsni\u010dek, b\u00e1sni\u010dek a jednoduch\u00fdch \u0159\u00edkanek. Postupn\u011b si osvojuj\u00ed z\u00e1kladn\u00ed slov\u00ed\u010dka i kr\u00e1tk\u00e9 fr\u00e1ze. Aktivity jsou vedeny z\u00e1bavn\u011b a motiva\u010dn\u011b, bez tlaku na v\u00fdkon \u010di povinn\u00e9 u\u010den\u00ed.<\/p>\n\n\n\n<p><strong>Pan\u00ed u\u010ditelka:<\/strong> Gabriela Berkov\u00e1, DiS.<\/p>\n\n\n\n<p>                                                                           <\/p>\n\n\n\n<p><\/p>\n","protected":false},"excerpt":{"rendered":"<p>Val\u00e1\u0161ek (logopedick\u00e1 prevence) C\u00edl: Otev\u0159\u00edt d\u011btem cestu k hudb\u011b, podpo\u0159it rytmick\u00e9 c\u00edt\u011bn\u00ed, rozv\u00edjet hudebn\u011b\u2013pohybov\u00e9 schopnosti a&nbsp;z\u00e1rove\u0148 systematicky posilovat komunika\u010dn\u00ed dovednosti jako sou\u010d\u00e1st logopedick\u00e9 prevence. D\u011bti se seznamuj\u00ed s tradicemi Vala\u0161ska prost\u0159ednictv\u00edm lidov\u00fdch p\u00edsn\u00ed a tanc\u016f. V krou\u017eku z\u00edsk\u00e1vaj\u00ed p\u0159irozen\u00fd n\u00e1hled do vala\u0161sk\u00fdch zvyk\u016f a kultury, u\u010d\u00ed se z\u00e1kladn\u00ed tane\u010dn\u00ed kroky i jednoduch\u00e9 \u201e\u0161k\u00e1dlivky\u201c a za\u017e\u00edvaj\u00ed [&hellip;]<\/p>\n","protected":false},"author":1,"featured_media":0,"parent":56,"menu_order":0,"comment_status":"closed","ping_status":"closed","template":"","meta":[],"_links":{"self":[{"href":"https:\/\/skolkajasenna.cz\/index.php?rest_route=\/wp\/v2\/pages\/136"}],"collection":[{"href":"https:\/\/skolkajasenna.cz\/index.php?rest_route=\/wp\/v2\/pages"}],"about":[{"href":"https:\/\/skolkajasenna.cz\/index.php?rest_route=\/wp\/v2\/types\/page"}],"author":[{"embeddable":true,"href":"https:\/\/skolkajasenna.cz\/index.php?rest_route=\/wp\/v2\/users\/1"}],"replies":[{"embeddable":true,"href":"https:\/\/skolkajasenna.cz\/index.php?rest_route=%2Fwp%2Fv2%2Fcomments&post=136"}],"version-history":[{"count":18,"href":"https:\/\/skolkajasenna.cz\/index.php?rest_route=\/wp\/v2\/pages\/136\/revisions"}],"predecessor-version":[{"id":17019,"href":"https:\/\/skolkajasenna.cz\/index.php?rest_route=\/wp\/v2\/pages\/136\/revisions\/17019"}],"up":[{"embeddable":true,"href":"https:\/\/skolkajasenna.cz\/index.php?rest_route=\/wp\/v2\/pages\/56"}],"wp:attachment":[{"href":"https:\/\/skolkajasenna.cz\/index.php?rest_route=%2Fwp%2Fv2%2Fmedia&parent=136"}],"curies":[{"name":"wp","href":"https:\/\/api.w.org\/{rel}","templated":true}]}}