{"id":146,"date":"2016-09-01T19:27:08","date_gmt":"2016-09-01T18:27:08","guid":{"rendered":"https:\/\/skolkajasenna.cz\/?page_id=146"},"modified":"2025-03-13T13:47:39","modified_gmt":"2025-03-13T12:47:39","slug":"desatero-pro-rodice","status":"publish","type":"page","link":"https:\/\/skolkajasenna.cz\/?page_id=146","title":{"rendered":"Jak m\u016f\u017eeme pomoci sv\u00e9mu d\u00edt\u011bti p\u0159ed n\u00e1stupem do z\u00e1kladn\u00ed \u0161koly \u0161koly"},"content":{"rendered":"<p style=\"text-align: justify;\">V\u00e1\u017een\u00ed rodi\u010de,<br \/>\np\u0159edkl\u00e1d\u00e1me V\u00e1m materi\u00e1l <strong>&#8222;Jak m\u016f\u017eeme pomoci sv\u00e9mu d\u00edt\u011bti p\u0159ed n\u00e1stupem do z\u00e1kladn\u00ed \u0161koly&#8220;<\/strong>, kter\u00e9 vydal NPI<\/p>\n<p style=\"text-align: justify;\"><a href=\"https:\/\/skolkajasenna.cz\/wp-content\/uploads\/2025\/03\/Jak-muzeme-pomoci-svemu-diteti-pred-nastupem-do-zakladni-skoly.pdf\">Jak m\u016f\u017eeme pomoci sv\u00e9mu d\u00edt\u011bti p\u0159ed n\u00e1stupem do z\u00e1kladn\u00ed \u0161koly<\/a><\/p>\n","protected":false},"excerpt":{"rendered":"<p>V\u00e1\u017een\u00ed rodi\u010de, p\u0159edkl\u00e1d\u00e1me V\u00e1m materi\u00e1l &#8222;Jak m\u016f\u017eeme pomoci sv\u00e9mu d\u00edt\u011bti p\u0159ed n\u00e1stupem do z\u00e1kladn\u00ed \u0161koly&#8220;, kter\u00e9 vydal NPI Jak m\u016f\u017eeme pomoci sv\u00e9mu d\u00edt\u011bti p\u0159ed n\u00e1stupem do z\u00e1kladn\u00ed \u0161koly<\/p>\n","protected":false},"author":1,"featured_media":0,"parent":56,"menu_order":0,"comment_status":"closed","ping_status":"closed","template":"","meta":[],"_links":{"self":[{"href":"https:\/\/skolkajasenna.cz\/index.php?rest_route=\/wp\/v2\/pages\/146"}],"collection":[{"href":"https:\/\/skolkajasenna.cz\/index.php?rest_route=\/wp\/v2\/pages"}],"about":[{"href":"https:\/\/skolkajasenna.cz\/index.php?rest_route=\/wp\/v2\/types\/page"}],"author":[{"embeddable":true,"href":"https:\/\/skolkajasenna.cz\/index.php?rest_route=\/wp\/v2\/users\/1"}],"replies":[{"embeddable":true,"href":"https:\/\/skolkajasenna.cz\/index.php?rest_route=%2Fwp%2Fv2%2Fcomments&post=146"}],"version-history":[{"count":10,"href":"https:\/\/skolkajasenna.cz\/index.php?rest_route=\/wp\/v2\/pages\/146\/revisions"}],"predecessor-version":[{"id":2306,"href":"https:\/\/skolkajasenna.cz\/index.php?rest_route=\/wp\/v2\/pages\/146\/revisions\/2306"}],"up":[{"embeddable":true,"href":"https:\/\/skolkajasenna.cz\/index.php?rest_route=\/wp\/v2\/pages\/56"}],"wp:attachment":[{"href":"https:\/\/skolkajasenna.cz\/index.php?rest_route=%2Fwp%2Fv2%2Fmedia&parent=146"}],"curies":[{"name":"wp","href":"https:\/\/api.w.org\/{rel}","templated":true}]}}