{"id":158,"date":"2016-09-01T19:36:05","date_gmt":"2016-09-01T18:36:05","guid":{"rendered":"https:\/\/skolkajasenna.cz\/?page_id=158"},"modified":"2022-08-30T11:50:34","modified_gmt":"2022-08-30T10:50:34","slug":"co-dite-potrebuje-do-ms","status":"publish","type":"page","link":"https:\/\/skolkajasenna.cz\/?page_id=158","title":{"rendered":"Co d\u00edt\u011b pot\u0159ebuje do M\u0160"},"content":{"rendered":"<h3><\/h3>\n<h5><strong>Oble\u010den\u00ed do t\u0159\u00eddy:<\/strong><\/h5>\n<ol>\n<li>Pohodln\u00e9 oble\u010den\u00ed \u2013 tri\u010dko, mikinu nebo svetr, leg\u00edny nebo tepl\u00e1ky, kra\u0165asy, d\u011bv\u010data mohou m\u00edt suk\u00fdnky<\/li>\n<li>N\u00e1hradn\u00ed oble\u010den\u00ed pro p\u0159\u00edpad u\u0161pin\u011bn\u00ed &#8211; tri\u010dko, pun\u010doch\u00e1\u010de nebo tepl\u00e1ky, n\u00e1hradn\u00ed pr\u00e1dlo, pono\u017eky<\/li>\n<li>Na p\u0159ezut\u00ed \u2013 ba\u010dkory s pevn\u00fdm kl\u00ednem a patou nebo sand\u00e1lky, z bezpe\u010dnostn\u00edch d\u016fvod\u016f sv\u00e9mu d\u00edt\u011bti <strong>NED\u00c1VEJTE<\/strong> pantofle<\/li>\n<li>Na odpoledn\u00ed odpo\u010dinek \u2013 py\u017eamko nebo no\u010dn\u00ed ko\u0161ilku<\/li>\n<\/ol>\n<h5>&nbsp;<strong>Oble\u010den\u00ed na zahradu nebo na vych\u00e1zky dle ro\u010dn\u00edho obdob\u00ed:<\/strong><\/h5>\n<ol>\n<li>Tepl\u00e1ky, mikinu, bundu, sportovn\u00ed obuv, hol\u00ednky, pl\u00e1\u0161t\u011bnku<\/li>\n<li>Kombin\u00e9zu nebo oteplovac\u00ed kalhoty, bundu, rukavice na gum\u011b v bund\u011b, \u010depici, vyteplenou obuv<\/li>\n<\/ol>\n<h5><strong>&nbsp;V\u011bci denn\u00ed pot\u0159eby do M\u0160<\/strong><\/h5>\n<ol>\n<li>Mal\u00fd porcel\u00e1nov\u00fd hrne\u010dek<\/li>\n<li>Pol\u0161t\u00e1\u0159ek &#8211; pou\u017e\u00edv\u00e1 se p\u0159i pov\u00edd\u00e1n\u00ed s d\u011btmi nebo na odpoledn\u00ed odpo\u010d\u00edv\u00e1n\u00ed<\/li>\n<li>Ply\u0161ovou hra\u010dku &#8211; z\u00e1le\u017e\u00ed na pot\u0159eb\u011b d\u011bt\u00ed<\/li>\n<\/ol>\n<p style=\"text-align: center;\"><strong>V\u0161echny v\u011bci d\u00edt\u011bti je NUTN\u00c9 OZNA\u010cIT zna\u010dkou d\u00edt\u011bte nebo podepsat.<\/strong><\/p>\n<p style=\"text-align: justify;\">Osobn\u00ed spis do \u0161koln\u00ed matriky odevzdejte pan\u00ed u\u010ditelce <strong>1. z\u00e1\u0159\u00ed<\/strong> roku, od kter\u00e9ho d\u00edt\u011b nastupuje do M\u0160. Do spisu napi\u0161te <strong>v\u0161echny osoby<\/strong>, kter\u00e9 budou Va\u0161e d\u00edt\u011b z mate\u0159sk\u00e9 \u0161koly vyzved\u00e1vat.<\/p>\n<p><strong>Na n\u00e1st\u011bnce<\/strong> naleznete informace ohledn\u011b t\u0159\u00eddy, do kter\u00e9 d\u00edt\u011b bude chodit, a zna\u010dku (ozna\u010den\u00e1 sk\u0159\u00ednka v \u0161atn\u011b, m\u00edsto na obuv v \u0161atn\u011b, m\u00edsto na ru\u010dn\u00edk, kart\u00e1\u010dek, kel\u00edmek v um\u00fdv\u00e1rn\u011b, krabi\u010dku na v\u00fdkresy a v\u00fdtvory), kterou budou pou\u017e\u00edvat po cel\u00fd rok.<\/p>\n","protected":false},"excerpt":{"rendered":"<p>Oble\u010den\u00ed do t\u0159\u00eddy: Pohodln\u00e9 oble\u010den\u00ed \u2013 tri\u010dko, mikinu nebo svetr, leg\u00edny nebo tepl\u00e1ky, kra\u0165asy, d\u011bv\u010data mohou m\u00edt suk\u00fdnky N\u00e1hradn\u00ed oble\u010den\u00ed pro p\u0159\u00edpad u\u0161pin\u011bn\u00ed &#8211; tri\u010dko, pun\u010doch\u00e1\u010de nebo tepl\u00e1ky, n\u00e1hradn\u00ed pr\u00e1dlo, pono\u017eky Na p\u0159ezut\u00ed \u2013 ba\u010dkory s pevn\u00fdm kl\u00ednem a patou nebo sand\u00e1lky, z bezpe\u010dnostn\u00edch d\u016fvod\u016f sv\u00e9mu d\u00edt\u011bti NED\u00c1VEJTE pantofle Na odpoledn\u00ed odpo\u010dinek \u2013 py\u017eamko nebo [&hellip;]<\/p>\n","protected":false},"author":1,"featured_media":0,"parent":56,"menu_order":0,"comment_status":"closed","ping_status":"closed","template":"","meta":[],"_links":{"self":[{"href":"https:\/\/skolkajasenna.cz\/index.php?rest_route=\/wp\/v2\/pages\/158"}],"collection":[{"href":"https:\/\/skolkajasenna.cz\/index.php?rest_route=\/wp\/v2\/pages"}],"about":[{"href":"https:\/\/skolkajasenna.cz\/index.php?rest_route=\/wp\/v2\/types\/page"}],"author":[{"embeddable":true,"href":"https:\/\/skolkajasenna.cz\/index.php?rest_route=\/wp\/v2\/users\/1"}],"replies":[{"embeddable":true,"href":"https:\/\/skolkajasenna.cz\/index.php?rest_route=%2Fwp%2Fv2%2Fcomments&post=158"}],"version-history":[{"count":18,"href":"https:\/\/skolkajasenna.cz\/index.php?rest_route=\/wp\/v2\/pages\/158\/revisions"}],"predecessor-version":[{"id":1579,"href":"https:\/\/skolkajasenna.cz\/index.php?rest_route=\/wp\/v2\/pages\/158\/revisions\/1579"}],"up":[{"embeddable":true,"href":"https:\/\/skolkajasenna.cz\/index.php?rest_route=\/wp\/v2\/pages\/56"}],"wp:attachment":[{"href":"https:\/\/skolkajasenna.cz\/index.php?rest_route=%2Fwp%2Fv2%2Fmedia&parent=158"}],"curies":[{"name":"wp","href":"https:\/\/api.w.org\/{rel}","templated":true}]}}