{"id":17,"date":"2016-08-22T20:16:38","date_gmt":"2016-08-22T19:16:38","guid":{"rendered":"https:\/\/skolkajasenna.cz\/?page_id=17"},"modified":"2024-08-01T15:44:47","modified_gmt":"2024-08-01T14:44:47","slug":"tridy","status":"publish","type":"page","link":"https:\/\/skolkajasenna.cz\/?page_id=17","title":{"rendered":"T\u0159\u00eddy"},"content":{"rendered":"<div class=\"entry-content\">\n<div>\n<h5 align=\"CENTER\"><em><strong>&#8222;Spolu jsme se potkali, ruce jsme si podali. <\/strong><\/em><\/h5>\n<h5 align=\"CENTER\"><em><strong>A\u017e se d\u00e1me dohromady, tak n\u00e1m bude dob\u0159e tady.<\/strong><\/em><\/h5>\n<h5 align=\"CENTER\"><em><strong>Budeme si hr\u00e1ti a tancovati&#8220;<\/strong><\/em><\/h5>\n<p>V\u00edce informac\u00ed o t\u0159\u00edd\u011b &#8222;SOVI\u010cKY&#8220; najdete <a href=\"https:\/\/skolkajasenna.cz\/?page_id=259\">ZDE<\/a> a sezn\u00e1mit se s t\u0159\u00eddou &#8222;V\u010cELI\u010cEK&#8220; m\u016f\u017eete <a href=\"https:\/\/skolkajasenna.cz\/?page_id=262\">TADY<\/a>.<\/p>\n<\/div>\n<\/div>\n","protected":false},"excerpt":{"rendered":"<p>&#8222;Spolu jsme se potkali, ruce jsme si podali. A\u017e se d\u00e1me dohromady, tak n\u00e1m bude dob\u0159e tady. Budeme si hr\u00e1ti a tancovati&#8220; V\u00edce informac\u00ed o t\u0159\u00edd\u011b &#8222;SOVI\u010cKY&#8220; najdete ZDE a sezn\u00e1mit se s t\u0159\u00eddou &#8222;V\u010cELI\u010cEK&#8220; m\u016f\u017eete TADY.<\/p>\n","protected":false},"author":1,"featured_media":0,"parent":0,"menu_order":0,"comment_status":"closed","ping_status":"open","template":"","meta":[],"_links":{"self":[{"href":"https:\/\/skolkajasenna.cz\/index.php?rest_route=\/wp\/v2\/pages\/17"}],"collection":[{"href":"https:\/\/skolkajasenna.cz\/index.php?rest_route=\/wp\/v2\/pages"}],"about":[{"href":"https:\/\/skolkajasenna.cz\/index.php?rest_route=\/wp\/v2\/types\/page"}],"author":[{"embeddable":true,"href":"https:\/\/skolkajasenna.cz\/index.php?rest_route=\/wp\/v2\/users\/1"}],"replies":[{"embeddable":true,"href":"https:\/\/skolkajasenna.cz\/index.php?rest_route=%2Fwp%2Fv2%2Fcomments&post=17"}],"version-history":[{"count":29,"href":"https:\/\/skolkajasenna.cz\/index.php?rest_route=\/wp\/v2\/pages\/17\/revisions"}],"predecessor-version":[{"id":2146,"href":"https:\/\/skolkajasenna.cz\/index.php?rest_route=\/wp\/v2\/pages\/17\/revisions\/2146"}],"wp:attachment":[{"href":"https:\/\/skolkajasenna.cz\/index.php?rest_route=%2Fwp%2Fv2%2Fmedia&parent=17"}],"curies":[{"name":"wp","href":"https:\/\/api.w.org\/{rel}","templated":true}]}}