{"id":23,"date":"2016-08-22T20:18:37","date_gmt":"2016-08-22T19:18:37","guid":{"rendered":"https:\/\/skolkajasenna.cz\/?page_id=23"},"modified":"2026-04-12T20:52:32","modified_gmt":"2026-04-12T19:52:32","slug":"denni-program","status":"publish","type":"page","link":"https:\/\/skolkajasenna.cz\/?page_id=23","title":{"rendered":"Denn\u00ed program"},"content":{"rendered":"<table width=\"603\">\n<tbody>\n<tr>\n<td width=\"120\">\n<h5><strong>6:30 &#8211; 8:00<\/strong><\/h5>\n<\/td>\n<td width=\"483\">\n<ul>\n<li>Doba u\u010den\u00e1 pro p\u0159\u00edchod d\u011bt\u00ed do mate\u0159sk\u00e9 \u0161koly<\/li>\n<li>Voln\u00e9 spont\u00e1nn\u00ed a z\u00e1jmov\u00e9 \u010dinnosti<\/li>\n<li>Doba pro \u010dinnosti a aktivity \u0159\u00edzen\u00e9 u\u010ditelkami, zam\u011b\u0159en\u00e9 zejm\u00e9na na \u010dinnosti ve skupink\u00e1ch<\/li>\n<\/ul>\n<\/td>\n<\/tr>\n<tr>\n<td width=\"120\">\n<h5><strong>8:00 \u2013 8:30<\/strong><\/h5>\n<\/td>\n<td width=\"483\">\n<ul>\n<li>Hygiena a p\u0159esn\u00edd\u00e1vka d\u011bt\u00ed v 1. a 2. t\u0159\u00edd\u011b<\/li>\n<\/ul>\n<\/td>\n<\/tr>\n<tr>\n<td width=\"120\">\n<h5><strong>8:30 \u2013 9:30 (9:45)<\/strong><\/h5>\n<\/td>\n<td width=\"483\">\n<ul>\n<li>Voln\u00e9 spont\u00e1nn\u00ed a z\u00e1jmov\u00e9 \u010dinnosti<\/li>\n<li>\u0158\u00edzen\u00e9 \u010dinnosti a aktivity zam\u011b\u0159en\u00e9 v\u00fdchovu a vzd\u011bl\u00e1v\u00e1n\u00ed d\u011bt\u00ed, na jejich citov\u00fd, rozumov\u00fd a t\u011blesn\u00fd rozvoj v souladu se \u0161koln\u00edm a t\u0159\u00eddn\u00edm vzd\u011bl\u00e1vac\u00edm programem<\/li>\n<\/ul>\n<\/td>\n<\/tr>\n<tr>\n<td width=\"120\">\n<h5><strong>9:30 \u00a0\u2013 10:00<\/strong><\/h5>\n<\/td>\n<td width=\"483\">\n<ul>\n<li>Ovocn\u00e1 p\u0159esn\u00edd\u00e1vka (ovoce, pitn\u00fd re\u017eim), osobn\u00ed hygiena, p\u0159\u00edprava na pobyt venku<\/li>\n<\/ul>\n<\/td>\n<\/tr>\n<tr>\n<td width=\"120\">\n<h5><strong>10:00 \u2013 11:30<\/strong><\/h5>\n<\/td>\n<td width=\"483\">\n<ul>\n<li>Pobyt venku, kde prob\u00edhaj\u00ed \u010dinnosti a aktivity zam\u011b\u0159en\u00e9 na seznamov\u00e1n\u00ed s p\u0159\u00edrodou, s p\u0159\u00edrodn\u00edmi jevy s okoln\u00edm sv\u011btem a \u010dinnosti s d\u016frazem na pohybov\u00e9 aktivity<\/li>\n<\/ul>\n<p>(v p\u0159\u00edpad\u011b nep\u0159\u00edzniv\u00e9ho po\u010das\u00ed pokra\u010duj\u00ed \u0159\u00edzen\u00e9 \u010dinnosti a aktivity zam\u011b\u0159en\u00e9 na v\u00fdchovu a vzd\u011bl\u00e1v\u00e1n\u00ed d\u011bt\u00ed ve t\u0159\u00edd\u00e1ch mate\u0159sk\u00e9 \u0161koly)<\/td>\n<\/tr>\n<tr>\n<td width=\"120\">\n<h5><strong>11:30 \u00a0\u2013 12:00<\/strong><\/h5>\n<\/td>\n<td width=\"483\">\n<ul>\n<li>Ob\u011bd a osobn\u00ed hygiena (\u010di\u0161t\u011bn\u00ed zub\u016f d\u011bt\u00ed)<\/li>\n<li><span style=\"font-size: revert; font-family: inherit;\">P\u0159\u00edprava na odpo\u010dinek d\u011bt\u00ed<\/span><\/li>\n<\/ul>\n<\/td>\n<\/tr>\n<tr>\n<td width=\"120\">\n<h5><strong>12:00 \u2013 12:15<\/strong><\/h5>\n<\/td>\n<td width=\"483\">\n<ul>\n<li>Doba pro p\u0159eb\u00edr\u00e1n\u00ed d\u011bt\u00ed po ob\u011bd\u011b z\u00e1konn\u00fdmi z\u00e1stupci ve t\u0159\u00edd\u00e1ch.<\/li>\n<\/ul>\n<\/td>\n<\/tr>\n<tr>\n<td width=\"120\">\n<h5><strong>12:15\u2013 14: 00\u00a0<\/strong><\/h5>\n<\/td>\n<td width=\"483\">\n<ul>\n<li>\u010cetba poh\u00e1dek, p\u0159\u00edb\u011bh\u016f, klidov\u00e9 \u010dinnosti, odpoledn\u00ed sp\u00e1nek d\u011bt\u00ed respektuj\u00edc\u00ed rozd\u00edln\u00e9 pot\u0159eby, individu\u00e1ln\u00ed pr\u00e1ce s d\u011btmi odch\u00e1zej\u00edc\u00edmi p\u0159ed odpoledn\u00ed sva\u010dinkou<\/li>\n<\/ul>\n<\/td>\n<\/tr>\n<tr>\n<td width=\"120\">\n<h5><strong>14:00 \u2013 14:15<\/strong><\/h5>\n<\/td>\n<td width=\"483\">\n<ul>\n<li>Osobn\u00ed hygiena, odpoledn\u00ed sva\u010dina<\/li>\n<\/ul>\n<\/td>\n<\/tr>\n<tr>\n<td width=\"120\">\n<h5><strong>14:30 \u2013 16:00<\/strong><\/h5>\n<\/td>\n<td width=\"483\">\n<ul>\n<li>Voln\u00e9 \u010di individu\u00e1ln\u00ed \u010dinnosti d\u011bt\u00ed zam\u011b\u0159en\u00e9 p\u0159edev\u0161\u00edm na hry, pohybov\u00e9 aktivity, v p\u0159\u00edpad\u011b p\u011bkn\u00e9ho po\u010das\u00ed hry na \u0161koln\u00ed zahrad\u011b<\/li>\n<li>Doba pro p\u0159eb\u00edr\u00e1n\u00ed d\u011bt\u00ed z\u00e1konn\u00fdmi z\u00e1stupci<\/li>\n<\/ul>\n<\/td>\n<\/tr>\n<\/tbody>\n<\/table>\n","protected":false},"excerpt":{"rendered":"<p>6:30 &#8211; 8:00 Doba u\u010den\u00e1 pro p\u0159\u00edchod d\u011bt\u00ed do mate\u0159sk\u00e9 \u0161koly Voln\u00e9 spont\u00e1nn\u00ed a z\u00e1jmov\u00e9 \u010dinnosti Doba pro \u010dinnosti a aktivity \u0159\u00edzen\u00e9 u\u010ditelkami, zam\u011b\u0159en\u00e9 zejm\u00e9na na \u010dinnosti ve skupink\u00e1ch 8:00 \u2013 8:30 Hygiena a p\u0159esn\u00edd\u00e1vka d\u011bt\u00ed v 1. a 2. t\u0159\u00edd\u011b 8:30 \u2013 9:30 (9:45) Voln\u00e9 spont\u00e1nn\u00ed a z\u00e1jmov\u00e9 \u010dinnosti \u0158\u00edzen\u00e9 \u010dinnosti a aktivity zam\u011b\u0159en\u00e9 [&hellip;]<\/p>\n","protected":false},"author":1,"featured_media":0,"parent":0,"menu_order":0,"comment_status":"closed","ping_status":"closed","template":"","meta":[],"_links":{"self":[{"href":"https:\/\/skolkajasenna.cz\/index.php?rest_route=\/wp\/v2\/pages\/23"}],"collection":[{"href":"https:\/\/skolkajasenna.cz\/index.php?rest_route=\/wp\/v2\/pages"}],"about":[{"href":"https:\/\/skolkajasenna.cz\/index.php?rest_route=\/wp\/v2\/types\/page"}],"author":[{"embeddable":true,"href":"https:\/\/skolkajasenna.cz\/index.php?rest_route=\/wp\/v2\/users\/1"}],"replies":[{"embeddable":true,"href":"https:\/\/skolkajasenna.cz\/index.php?rest_route=%2Fwp%2Fv2%2Fcomments&post=23"}],"version-history":[{"count":17,"href":"https:\/\/skolkajasenna.cz\/index.php?rest_route=\/wp\/v2\/pages\/23\/revisions"}],"predecessor-version":[{"id":22301,"href":"https:\/\/skolkajasenna.cz\/index.php?rest_route=\/wp\/v2\/pages\/23\/revisions\/22301"}],"wp:attachment":[{"href":"https:\/\/skolkajasenna.cz\/index.php?rest_route=%2Fwp%2Fv2%2Fmedia&parent=23"}],"curies":[{"name":"wp","href":"https:\/\/api.w.org\/{rel}","templated":true}]}}