{"id":259,"date":"2016-09-07T16:28:45","date_gmt":"2016-09-07T15:28:45","guid":{"rendered":"https:\/\/skolkajasenna.cz\/?page_id=259"},"modified":"2026-04-12T21:30:21","modified_gmt":"2026-04-12T20:30:21","slug":"berusky","status":"publish","type":"page","link":"https:\/\/skolkajasenna.cz\/?page_id=259","title":{"rendered":"Sovi\u010dky"},"content":{"rendered":"\n<div class=\"wp-block-group is-layout-constrained\"><div class=\"wp-block-group__inner-container\">\n<h1><a href=\"https:\/\/skolkajasenna.cz\/?attachment_id=12770\" rel=\"attachment wp-att-12770\"><img decoding=\"async\" loading=\"lazy\" class=\"alignnone  wp-image-12770\" src=\"https:\/\/skolkajasenna.cz\/wp-content\/uploads\/2026\/03\/sova-maskot--286x300.jpg\" alt=\"\" width=\"170\" height=\"178\" srcset=\"https:\/\/skolkajasenna.cz\/wp-content\/uploads\/2026\/03\/sova-maskot--286x300.jpg 286w, https:\/\/skolkajasenna.cz\/wp-content\/uploads\/2026\/03\/sova-maskot--977x1024.jpg 977w, https:\/\/skolkajasenna.cz\/wp-content\/uploads\/2026\/03\/sova-maskot--768x805.jpg 768w, https:\/\/skolkajasenna.cz\/wp-content\/uploads\/2026\/03\/sova-maskot--1466x1536.jpg 1466w, https:\/\/skolkajasenna.cz\/wp-content\/uploads\/2026\/03\/sova-maskot--1955x2048.jpg 1955w, https:\/\/skolkajasenna.cz\/wp-content\/uploads\/2026\/03\/sova-maskot--624x654.jpg 624w\" sizes=\"(max-width: 170px) 100vw, 170px\" \/><\/a><\/h1>\n<h1 class=\"wp-block-image size-full is-style-rounded\"><strong><span style=\"color: #ff9900;\">T\u0159\u00edda <\/span><\/strong><span style=\"color: #ff9900;\">\u201eSOVI\u010cKY\u201c<\/span><\/h1>\n<h4><span style=\"color: #ff9900;\"><strong>Pan\u00ed u\u010ditelky:<\/strong><\/span>\u00a0 Jana Kov\u00e1\u0159ov\u00e1, Bc. Dorota Bittmanov\u00e1\u00a0<\/h4>\n<h4><strong><span style=\"color: #ff9900;\">\u0160koln\u00ed asistent a asistent pedagoga:<\/span> <\/strong>\u00a0Ing. Pavla Masa\u0159\u00edkov\u00e1<\/h4>\n<p data-start=\"54\" data-end=\"220\"><strong>T\u0159\u00eddu Sovi\u010dek<\/strong> nav\u0161t\u011bvuje 24 d\u011bt\u00ed ve v\u011bku od 5 do 7 let. Je to na\u0161e \u201evelk\u00e1 t\u0159\u00edda\u201c, kde se d\u011bti ka\u017ed\u00e9 r\u00e1no spole\u010dn\u011b setk\u00e1vaj\u00ed a odpoledne se odtud zase rozch\u00e1zej\u00ed dom\u016f.<\/p>\n<p data-start=\"222\" data-end=\"651\">P\u0159ev\u00e1\u017enou \u010d\u00e1st tvo\u0159\u00ed <strong>p\u0159ed\u0161kol\u00e1ci<\/strong>, kte\u0159\u00ed stoj\u00ed na prahu d\u016fle\u017eit\u00e9 \u017eivotn\u00ed etapy \u2013 <strong>n\u00e1stupu do z\u00e1kladn\u00ed \u0161koly<\/strong>. V bezpe\u010dn\u00e9m a podn\u011btn\u00e9m prost\u0159ed\u00ed t\u0159\u00eddy je nen\u00e1siln\u011b a hravou formou rozv\u00edj\u00edme tak, aby z\u00edskali jistotu, samostatnost a zdrav\u00e9 sebev\u011bdom\u00ed. Pod veden\u00edm pan\u00ed u\u010ditelky d\u011bti navazuj\u00ed na sv\u00e9 p\u0159edchoz\u00ed zku\u0161enosti a z\u00e1rove\u0148 si osvojuj\u00ed nov\u00e9 dovednosti, jako je soust\u0159ed\u011bn\u00ed, spolupr\u00e1ce, vytrvalost i zodpov\u011bdnost za vlastn\u00ed pr\u00e1ci.<\/p>\n<p data-start=\"653\" data-end=\"755\"><strong>V\u00fdchovn\u011b-vzd\u011bl\u00e1vac\u00ed \u010dinnosti<\/strong> jsou zam\u011b\u0159eny na celostn\u00ed rozvoj d\u00edt\u011bte a zahrnuj\u00ed pestrou \u0161k\u00e1lu aktivit:<\/p>\n<ul data-start=\"756\" data-end=\"931\">\n<li data-section-id=\"1js8ga4\" data-start=\"756\" data-end=\"791\">pohybov\u00e9 a hudebn\u011b-pohybov\u00e9 hry<\/li>\n<li data-section-id=\"re81yz\" data-start=\"792\" data-end=\"821\">cvi\u010den\u00ed a dechov\u00e1 cvi\u010den\u00ed<\/li>\n<li data-section-id=\"elkpwr\" data-start=\"822\" data-end=\"854\">v\u00fdtvarn\u00e9 a pracovn\u00ed \u010dinnosti<\/li>\n<li data-section-id=\"d6g6y1\" data-start=\"855\" data-end=\"888\">zp\u011bv, poslech a \u010dten\u00ed p\u0159\u00edb\u011bh\u016f<\/li>\n<li data-section-id=\"1uk24dd\" data-start=\"889\" data-end=\"931\">u\u010den\u00ed b\u00e1sni\u010dek, \u0159\u00edkanek a jazykov\u00e9 hry<\/li>\n<\/ul>\n<p data-start=\"933\" data-end=\"1104\">D\u016fle\u017eitou sou\u010d\u00e1st\u00ed \u017eivota ve t\u0159\u00edd\u011b jsou tak\u00e9 \u201e<strong>malovan\u00e1 pravidla<\/strong>\u201c, se kter\u00fdmi se d\u011bti v pr\u016fb\u011bhu z\u00e1\u0159\u00ed postupn\u011b a hravou formou seznamuj\u00ed a u\u010d\u00ed se jejich smyslu i dodr\u017eov\u00e1n\u00ed.<\/p>\n<p data-start=\"1106\" data-end=\"1336\" data-is-last-node=\"\" data-is-only-node=\"\">Cel\u00fdm rokem n\u00e1s prov\u00e1z\u00ed <strong>poh\u00e1dky<\/strong>, kter\u00e9 d\u011btem otev\u00edraj\u00ed sv\u011bt <strong>fantazie<\/strong>, podporuj\u00ed jejich tvo\u0159ivost a p\u0159edstavivost, rozv\u00edjej\u00ed slovn\u00ed z\u00e1sobu i vyjad\u0159ovac\u00ed schopnosti a z\u00e1rove\u0148 p\u0159in\u00e1\u0161ej\u00ed radost ze spole\u010dn\u00e9ho objevov\u00e1n\u00ed nov\u00fdch p\u0159\u00edb\u011bh\u016f.<\/p>\n<\/div><\/div>\n\n\n\n<figure class=\"wp-block-image size-large\"><a href=\"https:\/\/skolkajasenna.cz\/wp-content\/uploads\/2026\/03\/9295b153-9934-4cb8-a20c-911560b1b6ed.jpeg\"><img decoding=\"async\" loading=\"lazy\" width=\"1024\" height=\"768\" src=\"https:\/\/skolkajasenna.cz\/wp-content\/uploads\/2026\/03\/9295b153-9934-4cb8-a20c-911560b1b6ed-1024x768.jpeg\" alt=\"\" class=\"wp-image-12758\" srcset=\"https:\/\/skolkajasenna.cz\/wp-content\/uploads\/2026\/03\/9295b153-9934-4cb8-a20c-911560b1b6ed-1024x768.jpeg 1024w, https:\/\/skolkajasenna.cz\/wp-content\/uploads\/2026\/03\/9295b153-9934-4cb8-a20c-911560b1b6ed-300x225.jpeg 300w, https:\/\/skolkajasenna.cz\/wp-content\/uploads\/2026\/03\/9295b153-9934-4cb8-a20c-911560b1b6ed-768x576.jpeg 768w, https:\/\/skolkajasenna.cz\/wp-content\/uploads\/2026\/03\/9295b153-9934-4cb8-a20c-911560b1b6ed-1536x1152.jpeg 1536w, https:\/\/skolkajasenna.cz\/wp-content\/uploads\/2026\/03\/9295b153-9934-4cb8-a20c-911560b1b6ed-624x468.jpeg 624w, https:\/\/skolkajasenna.cz\/wp-content\/uploads\/2026\/03\/9295b153-9934-4cb8-a20c-911560b1b6ed.jpeg 1600w\" sizes=\"(max-width: 1024px) 100vw, 1024px\" \/><\/a><\/figure>\n\n\n\n<figure class=\"wp-block-image size-large\"><a href=\"https:\/\/skolkajasenna.cz\/wp-content\/uploads\/2026\/03\/c02bde54-02f0-4707-8738-cc2c44009a74.jpeg\"><img decoding=\"async\" loading=\"lazy\" width=\"1024\" height=\"768\" src=\"https:\/\/skolkajasenna.cz\/wp-content\/uploads\/2026\/03\/c02bde54-02f0-4707-8738-cc2c44009a74-1024x768.jpeg\" alt=\"\" class=\"wp-image-12761\" srcset=\"https:\/\/skolkajasenna.cz\/wp-content\/uploads\/2026\/03\/c02bde54-02f0-4707-8738-cc2c44009a74-1024x768.jpeg 1024w, https:\/\/skolkajasenna.cz\/wp-content\/uploads\/2026\/03\/c02bde54-02f0-4707-8738-cc2c44009a74-300x225.jpeg 300w, https:\/\/skolkajasenna.cz\/wp-content\/uploads\/2026\/03\/c02bde54-02f0-4707-8738-cc2c44009a74-768x576.jpeg 768w, https:\/\/skolkajasenna.cz\/wp-content\/uploads\/2026\/03\/c02bde54-02f0-4707-8738-cc2c44009a74-1536x1152.jpeg 1536w, https:\/\/skolkajasenna.cz\/wp-content\/uploads\/2026\/03\/c02bde54-02f0-4707-8738-cc2c44009a74-624x468.jpeg 624w, https:\/\/skolkajasenna.cz\/wp-content\/uploads\/2026\/03\/c02bde54-02f0-4707-8738-cc2c44009a74.jpeg 1600w\" sizes=\"(max-width: 1024px) 100vw, 1024px\" \/><\/a><\/figure>\n","protected":false},"excerpt":{"rendered":"<p>T\u0159\u00edda \u201eSOVI\u010cKY\u201c Pan\u00ed u\u010ditelky:\u00a0 Jana Kov\u00e1\u0159ov\u00e1, Bc. Dorota Bittmanov\u00e1\u00a0 \u0160koln\u00ed asistent a asistent pedagoga: \u00a0Ing. Pavla Masa\u0159\u00edkov\u00e1 T\u0159\u00eddu Sovi\u010dek nav\u0161t\u011bvuje 24 d\u011bt\u00ed ve v\u011bku od 5 do 7 let. Je to na\u0161e \u201evelk\u00e1 t\u0159\u00edda\u201c, kde se d\u011bti ka\u017ed\u00e9 r\u00e1no spole\u010dn\u011b setk\u00e1vaj\u00ed a odpoledne se odtud zase rozch\u00e1zej\u00ed dom\u016f. P\u0159ev\u00e1\u017enou \u010d\u00e1st tvo\u0159\u00ed p\u0159ed\u0161kol\u00e1ci, kte\u0159\u00ed stoj\u00ed na [&hellip;]<\/p>\n","protected":false},"author":1,"featured_media":0,"parent":17,"menu_order":0,"comment_status":"closed","ping_status":"closed","template":"","meta":[],"_links":{"self":[{"href":"https:\/\/skolkajasenna.cz\/index.php?rest_route=\/wp\/v2\/pages\/259"}],"collection":[{"href":"https:\/\/skolkajasenna.cz\/index.php?rest_route=\/wp\/v2\/pages"}],"about":[{"href":"https:\/\/skolkajasenna.cz\/index.php?rest_route=\/wp\/v2\/types\/page"}],"author":[{"embeddable":true,"href":"https:\/\/skolkajasenna.cz\/index.php?rest_route=\/wp\/v2\/users\/1"}],"replies":[{"embeddable":true,"href":"https:\/\/skolkajasenna.cz\/index.php?rest_route=%2Fwp%2Fv2%2Fcomments&post=259"}],"version-history":[{"count":41,"href":"https:\/\/skolkajasenna.cz\/index.php?rest_route=\/wp\/v2\/pages\/259\/revisions"}],"predecessor-version":[{"id":22317,"href":"https:\/\/skolkajasenna.cz\/index.php?rest_route=\/wp\/v2\/pages\/259\/revisions\/22317"}],"up":[{"embeddable":true,"href":"https:\/\/skolkajasenna.cz\/index.php?rest_route=\/wp\/v2\/pages\/17"}],"wp:attachment":[{"href":"https:\/\/skolkajasenna.cz\/index.php?rest_route=%2Fwp%2Fv2%2Fmedia&parent=259"}],"curies":[{"name":"wp","href":"https:\/\/api.w.org\/{rel}","templated":true}]}}