{"id":262,"date":"2016-09-07T16:30:13","date_gmt":"2016-09-07T15:30:13","guid":{"rendered":"https:\/\/skolkajasenna.cz\/?page_id=262"},"modified":"2026-04-12T21:27:30","modified_gmt":"2026-04-12T20:27:30","slug":"motylci","status":"publish","type":"page","link":"https:\/\/skolkajasenna.cz\/?page_id=262","title":{"rendered":"V\u010deli\u010dky"},"content":{"rendered":"\n<figure class=\"wp-block-image size-full is-resized\"><img decoding=\"async\" loading=\"lazy\" src=\"https:\/\/skolkajasenna.cz\/wp-content\/uploads\/2026\/03\/vcela-maskot-286x300.jpg\" alt=\"\" class=\"wp-image-12767\" width=\"172\" height=\"180\" srcset=\"https:\/\/skolkajasenna.cz\/wp-content\/uploads\/2026\/03\/vcela-maskot-286x300.jpg 286w, https:\/\/skolkajasenna.cz\/wp-content\/uploads\/2026\/03\/vcela-maskot-977x1024.jpg 977w, https:\/\/skolkajasenna.cz\/wp-content\/uploads\/2026\/03\/vcela-maskot-768x805.jpg 768w, https:\/\/skolkajasenna.cz\/wp-content\/uploads\/2026\/03\/vcela-maskot-1466x1536.jpg 1466w, https:\/\/skolkajasenna.cz\/wp-content\/uploads\/2026\/03\/vcela-maskot-1955x2048.jpg 1955w, https:\/\/skolkajasenna.cz\/wp-content\/uploads\/2026\/03\/vcela-maskot-624x654.jpg 624w\" sizes=\"(max-width: 172px) 100vw, 172px\" \/><\/figure>\n\n\n<h1 class=\"wp-block-image size-full is-style-rounded\"><span style=\"color: #ffcc00;\">T\u0159\u00edda \u201eV\u010cELI\u010cKY\u201c<\/span><\/h1>\n<h4 class=\"wp-block-image size-full is-style-rounded\"><strong><span style=\"color: #ffcc00;\">Pan\u00ed u\u010ditelky:<\/span>\u00a0 <\/strong>Bc. Jitka Mal\u00e1, Gabriela Berkov\u00e1 DiS.<\/h4>\n<div>\n<p data-start=\"51\" data-end=\"284\"><strong>T\u0159\u00eddu V\u010deli\u010dek<\/strong> nav\u0161t\u011bvuje 12 d\u011bt\u00ed ve v\u011bku od 3 do 5 let \u2013 3 chlapci a 9 d\u00edvek. Je to na\u0161e \u201emal\u00e1 t\u0159\u00edda\u201c, kde d\u011bti pro\u017e\u00edvaj\u00ed sv\u00e9 prvn\u00ed \u0161kolkov\u00e9 dny, u\u010d\u00ed se samostatnosti, navazuj\u00ed prvn\u00ed kamar\u00e1dstv\u00ed a s radost\u00ed objevuj\u00ed sv\u011bt kolem sebe.<\/p>\n<p data-start=\"286\" data-end=\"545\">Velkou pozornost v\u011bnujeme tomu, aby se d\u011bti c\u00edtily <strong>bezpe\u010dn\u011b<\/strong> a <strong>jist\u011b<\/strong>. Pom\u00e1haj\u00ed n\u00e1m v tom <strong>ka\u017edodenn\u00ed ritu\u00e1ly<\/strong> a <strong>pravideln\u00fd re\u017eim<\/strong>, kter\u00fd d\u011btem p\u0159in\u00e1\u0161\u00ed klid, orientaci i pocit d\u016fv\u011bry. D\u00edky tomu zvl\u00e1daj\u00ed adaptaci na nov\u00e9 prost\u0159ed\u00ed p\u0159irozen\u011b a bez zbyte\u010dn\u00e9ho stresu.<\/p>\n<p data-start=\"547\" data-end=\"766\">Ka\u017ed\u00fd den za\u010d\u00edn\u00e1me <strong>rann\u00edm kruhem<\/strong> \u2013 spole\u010dn\u00fdm setk\u00e1n\u00edm, p\u0159i kter\u00e9m se p\u0159iv\u00edt\u00e1me, oslov\u00edme jm\u00e9nem a pop\u0159ejeme si hezk\u00fd den. Tento mil\u00fd okam\u017eik podporuje vz\u00e1jemn\u00fd respekt, p\u0159\u00e1telstv\u00ed a vytv\u00e1\u0159\u00ed p\u0159\u00edjemnou atmosf\u00e9ru ve t\u0159\u00edd\u011b.<\/p>\n<p data-start=\"768\" data-end=\"1080\">Na rann\u00ed kruh plynule navazuj\u00ed pestr\u00e9 \u010dinnosti p\u0159izp\u016fsoben\u00e9 v\u011bku i pot\u0159eb\u00e1m d\u011bt\u00ed. D\u011bti se zapojuj\u00ed do pohybov\u00fdch her, cvi\u010den\u00ed i dechov\u00fdch aktivit, kresl\u00ed, maluj\u00ed, tvo\u0159\u00ed, zp\u00edvaj\u00ed, poslouchaj\u00ed poh\u00e1dky a u\u010d\u00ed se prvn\u00ed b\u00e1sni\u010dky a \u0159\u00edkanky. V\u0161e prob\u00edh\u00e1 hravou a p\u0159irozenou formou, kter\u00e1 podporuje jejich <strong>celkov\u00fd rozvoj<\/strong>.<\/p>\n<p data-start=\"1082\" data-end=\"1287\">D\u016fle\u017eitou sou\u010d\u00e1st\u00ed \u017eivota ve t\u0159\u00edd\u011b jsou tak\u00e9 \u201e<strong>malovan\u00e1 pravidla<\/strong>\u201c, se kter\u00fdmi se d\u011bti seznamuj\u00ed hned na za\u010d\u00e1tku \u0161koln\u00edho roku. Postupn\u011b se u\u010d\u00ed, pro\u010d jsou d\u016fle\u017eit\u00e1, a p\u0159irozen\u011b si osvojuj\u00ed jejich dodr\u017eov\u00e1n\u00ed.<\/p>\n<p data-start=\"1289\" data-end=\"1500\">Cel\u00fdm rokem n\u00e1s prov\u00e1zej\u00ed <strong>poh\u00e1dky<\/strong>, kter\u00e9 otev\u00edraj\u00ed d\u011btem sv\u011bt fantazie, rozv\u00edjej\u00ed jejich slovn\u00ed z\u00e1sobu i schopnost naslouchat. Pom\u00e1haj\u00ed jim porozum\u011bt z\u00e1kladn\u00edm hodnot\u00e1m, jako je dobro, p\u0159\u00e1telstv\u00ed a ohleduplnost.<\/p>\n<p data-start=\"1502\" data-end=\"1865\" data-is-last-node=\"\" data-is-only-node=\"\">Sou\u010d\u00e1st\u00ed na\u0161eho programu je tak\u00e9 obl\u00edben\u00fd \u201e<strong>nesp\u00e1nkov\u00fd re\u017eim<\/strong>\u201c. V n\u011bkter\u00fdch dnech se star\u0161\u00ed d\u011bti po ob\u011bd\u011b nev\u011bnuj\u00ed odpo\u010dinku, ale zapojuj\u00ed se do klidn\u011bj\u0161\u00edch, rozv\u00edjej\u00edc\u00edch aktivit. Pat\u0159\u00ed mezi n\u011b <strong>v\u00fdtvarn\u00e9<\/strong> a <strong>grafomotorick\u00e9 <\/strong>\u010dinnosti, <strong>logopedick\u00e9 <\/strong>chvilky, prvn\u00ed sezn\u00e1men\u00ed s <strong>angli\u010dtinou<\/strong> nebo <strong>folklorn\u00ed krou\u017eek Val\u00e1\u0161ek<\/strong>, kter\u00fd m\u00e1 v na\u0161\u00ed mate\u0159sk\u00e9 \u0161kole dlouholetou tradici.<\/p>\n<\/div>\n\n\n<figure class=\"wp-block-image\"><img decoding=\"async\" src=\"blob:https:\/\/skolkajasenna.cz\/14ff464e-2f6e-401a-b191-bfb2844ff4d2\" alt=\"\"\/><\/figure>\n\n\n\n<figure class=\"wp-block-image size-large\"><a href=\"https:\/\/skolkajasenna.cz\/wp-content\/uploads\/2026\/03\/trida-vcelky-3-26.jpeg\"><img decoding=\"async\" loading=\"lazy\" width=\"1024\" height=\"768\" src=\"https:\/\/skolkajasenna.cz\/wp-content\/uploads\/2026\/03\/trida-vcelky-3-26-1024x768.jpeg\" alt=\"\" class=\"wp-image-12774\" srcset=\"https:\/\/skolkajasenna.cz\/wp-content\/uploads\/2026\/03\/trida-vcelky-3-26-1024x768.jpeg 1024w, https:\/\/skolkajasenna.cz\/wp-content\/uploads\/2026\/03\/trida-vcelky-3-26-300x225.jpeg 300w, https:\/\/skolkajasenna.cz\/wp-content\/uploads\/2026\/03\/trida-vcelky-3-26-768x576.jpeg 768w, https:\/\/skolkajasenna.cz\/wp-content\/uploads\/2026\/03\/trida-vcelky-3-26-1536x1152.jpeg 1536w, https:\/\/skolkajasenna.cz\/wp-content\/uploads\/2026\/03\/trida-vcelky-3-26-624x468.jpeg 624w, https:\/\/skolkajasenna.cz\/wp-content\/uploads\/2026\/03\/trida-vcelky-3-26.jpeg 1600w\" sizes=\"(max-width: 1024px) 100vw, 1024px\" \/><\/a><\/figure>\n\n\n\n<figure class=\"wp-block-image size-large is-style-default\"><a href=\"https:\/\/skolkajasenna.cz\/wp-content\/uploads\/2026\/03\/trida-vcelky-3-26-2.jpeg\"><img decoding=\"async\" loading=\"lazy\" width=\"1024\" height=\"768\" src=\"https:\/\/skolkajasenna.cz\/wp-content\/uploads\/2026\/03\/trida-vcelky-3-26-2-1024x768.jpeg\" alt=\"\" class=\"wp-image-12775\" srcset=\"https:\/\/skolkajasenna.cz\/wp-content\/uploads\/2026\/03\/trida-vcelky-3-26-2-1024x768.jpeg 1024w, https:\/\/skolkajasenna.cz\/wp-content\/uploads\/2026\/03\/trida-vcelky-3-26-2-300x225.jpeg 300w, https:\/\/skolkajasenna.cz\/wp-content\/uploads\/2026\/03\/trida-vcelky-3-26-2-768x576.jpeg 768w, https:\/\/skolkajasenna.cz\/wp-content\/uploads\/2026\/03\/trida-vcelky-3-26-2-1536x1152.jpeg 1536w, https:\/\/skolkajasenna.cz\/wp-content\/uploads\/2026\/03\/trida-vcelky-3-26-2-624x468.jpeg 624w, https:\/\/skolkajasenna.cz\/wp-content\/uploads\/2026\/03\/trida-vcelky-3-26-2.jpeg 1600w\" sizes=\"(max-width: 1024px) 100vw, 1024px\" \/><\/a><\/figure>\n\n\n\n<figure class=\"wp-block-gallery has-nested-images columns-default is-cropped wp-block-gallery-1 is-layout-flex\">\n<figure class=\"wp-block-image size-large\"><a href=\"https:\/\/skolkajasenna.cz\/wp-content\/uploads\/2026\/03\/trida-vcelky-3-26-1.jpeg\"><img decoding=\"async\" loading=\"lazy\" width=\"1024\" height=\"768\" data-id=\"12776\"  src=\"https:\/\/skolkajasenna.cz\/wp-content\/uploads\/2026\/03\/trida-vcelky-3-26-1-1024x768.jpeg\" alt=\"\" class=\"wp-image-12776\" srcset=\"https:\/\/skolkajasenna.cz\/wp-content\/uploads\/2026\/03\/trida-vcelky-3-26-1-1024x768.jpeg 1024w, https:\/\/skolkajasenna.cz\/wp-content\/uploads\/2026\/03\/trida-vcelky-3-26-1-300x225.jpeg 300w, https:\/\/skolkajasenna.cz\/wp-content\/uploads\/2026\/03\/trida-vcelky-3-26-1-768x576.jpeg 768w, https:\/\/skolkajasenna.cz\/wp-content\/uploads\/2026\/03\/trida-vcelky-3-26-1-1536x1152.jpeg 1536w, https:\/\/skolkajasenna.cz\/wp-content\/uploads\/2026\/03\/trida-vcelky-3-26-1-624x468.jpeg 624w, https:\/\/skolkajasenna.cz\/wp-content\/uploads\/2026\/03\/trida-vcelky-3-26-1.jpeg 1600w\" sizes=\"(max-width: 1024px) 100vw, 1024px\" \/><\/a><\/figure>\n<\/figure>\n","protected":false},"excerpt":{"rendered":"<p>T\u0159\u00edda \u201eV\u010cELI\u010cKY\u201c Pan\u00ed u\u010ditelky:\u00a0 Bc. Jitka Mal\u00e1, Gabriela Berkov\u00e1 DiS. T\u0159\u00eddu V\u010deli\u010dek nav\u0161t\u011bvuje 12 d\u011bt\u00ed ve v\u011bku od 3 do 5 let \u2013 3 chlapci a 9 d\u00edvek. Je to na\u0161e \u201emal\u00e1 t\u0159\u00edda\u201c, kde d\u011bti pro\u017e\u00edvaj\u00ed sv\u00e9 prvn\u00ed \u0161kolkov\u00e9 dny, u\u010d\u00ed se samostatnosti, navazuj\u00ed prvn\u00ed kamar\u00e1dstv\u00ed a s radost\u00ed objevuj\u00ed sv\u011bt kolem sebe. Velkou pozornost [&hellip;]<\/p>\n","protected":false},"author":1,"featured_media":0,"parent":17,"menu_order":0,"comment_status":"closed","ping_status":"closed","template":"","meta":[],"_links":{"self":[{"href":"https:\/\/skolkajasenna.cz\/index.php?rest_route=\/wp\/v2\/pages\/262"}],"collection":[{"href":"https:\/\/skolkajasenna.cz\/index.php?rest_route=\/wp\/v2\/pages"}],"about":[{"href":"https:\/\/skolkajasenna.cz\/index.php?rest_route=\/wp\/v2\/types\/page"}],"author":[{"embeddable":true,"href":"https:\/\/skolkajasenna.cz\/index.php?rest_route=\/wp\/v2\/users\/1"}],"replies":[{"embeddable":true,"href":"https:\/\/skolkajasenna.cz\/index.php?rest_route=%2Fwp%2Fv2%2Fcomments&post=262"}],"version-history":[{"count":40,"href":"https:\/\/skolkajasenna.cz\/index.php?rest_route=\/wp\/v2\/pages\/262\/revisions"}],"predecessor-version":[{"id":22315,"href":"https:\/\/skolkajasenna.cz\/index.php?rest_route=\/wp\/v2\/pages\/262\/revisions\/22315"}],"up":[{"embeddable":true,"href":"https:\/\/skolkajasenna.cz\/index.php?rest_route=\/wp\/v2\/pages\/17"}],"wp:attachment":[{"href":"https:\/\/skolkajasenna.cz\/index.php?rest_route=%2Fwp%2Fv2%2Fmedia&parent=262"}],"curies":[{"name":"wp","href":"https:\/\/api.w.org\/{rel}","templated":true}]}}