{"id":273,"date":"2016-09-07T21:14:46","date_gmt":"2016-09-07T20:14:46","guid":{"rendered":"https:\/\/skolkajasenna.cz\/?page_id=273"},"modified":"2025-10-31T11:03:57","modified_gmt":"2025-10-31T10:03:57","slug":"aktuality-ze-skolky","status":"publish","type":"page","link":"https:\/\/skolkajasenna.cz\/?page_id=273","title":{"rendered":"Aktuality ze \u0161kolky"},"content":{"rendered":"\n<p>Ve\u0161ker\u00e9 informace naleznete v APLIKACI NA\u0160E M\u0160 <\/p>\n","protected":false},"excerpt":{"rendered":"<p>Ve\u0161ker\u00e9 informace naleznete v APLIKACI NA\u0160E M\u0160<\/p>\n","protected":false},"author":1,"featured_media":0,"parent":56,"menu_order":0,"comment_status":"closed","ping_status":"closed","template":"","meta":[],"_links":{"self":[{"href":"https:\/\/skolkajasenna.cz\/index.php?rest_route=\/wp\/v2\/pages\/273"}],"collection":[{"href":"https:\/\/skolkajasenna.cz\/index.php?rest_route=\/wp\/v2\/pages"}],"about":[{"href":"https:\/\/skolkajasenna.cz\/index.php?rest_route=\/wp\/v2\/types\/page"}],"author":[{"embeddable":true,"href":"https:\/\/skolkajasenna.cz\/index.php?rest_route=\/wp\/v2\/users\/1"}],"replies":[{"embeddable":true,"href":"https:\/\/skolkajasenna.cz\/index.php?rest_route=%2Fwp%2Fv2%2Fcomments&post=273"}],"version-history":[{"count":13,"href":"https:\/\/skolkajasenna.cz\/index.php?rest_route=\/wp\/v2\/pages\/273\/revisions"}],"predecessor-version":[{"id":7352,"href":"https:\/\/skolkajasenna.cz\/index.php?rest_route=\/wp\/v2\/pages\/273\/revisions\/7352"}],"up":[{"embeddable":true,"href":"https:\/\/skolkajasenna.cz\/index.php?rest_route=\/wp\/v2\/pages\/56"}],"wp:attachment":[{"href":"https:\/\/skolkajasenna.cz\/index.php?rest_route=%2Fwp%2Fv2%2Fmedia&parent=273"}],"curies":[{"name":"wp","href":"https:\/\/api.w.org\/{rel}","templated":true}]}}