{"id":31,"date":"2016-08-22T20:23:14","date_gmt":"2016-08-22T19:23:14","guid":{"rendered":"https:\/\/skolkajasenna.cz\/?page_id=31"},"modified":"2026-04-12T21:51:47","modified_gmt":"2026-04-12T20:51:47","slug":"kontakt","status":"publish","type":"page","link":"https:\/\/skolkajasenna.cz\/?page_id=31","title":{"rendered":"Kontakt"},"content":{"rendered":"\n<h1 class=\"wp-block-heading has-blue-color has-text-color\">Mate\u0159sk\u00e1 \u0161kola Jasenn\u00e1, okres Zl\u00edn, p\u0159\u00edsp\u011bvkov\u00e1 organizace<\/h1>\n\n\n\n<h5 class=\"wp-block-heading has-blue-color has-text-color\">Adresa:<\/h5>\n\n\n\n<p class=\"has-small-font-size\">Jasenn\u00e1 \u010d. 255<br>763 13 Jasenn\u00e1<\/p>\n\n\n\n<p class=\"has-small-font-size\">I\u010cO: <span style=\"font-family: Arial,sans-serif;\"><span style=\"font-size: small;\">70981230<\/span><\/span><\/p>\n\n\n\n<h5 class=\"wp-block-heading has-blue-color has-text-color\">\u0158editelka:<\/h5>\n\n\n\n<p class=\"has-small-font-size\">Bc. Jitka Mal\u00e1<\/p>\n\n\n\n<h5 class=\"wp-block-heading has-blue-color has-text-color\">E-mail:<\/h5>\n\n\n\n<p class=\"has-small-font-size\">skolka.jasenna@seznam.cz<\/p>\n\n\n\n<h5 class=\"wp-block-heading has-blue-color has-text-color\">Telefon:<\/h5>\n\n\n\n<p class=\"has-small-font-size\"><strong>Mate\u0159sk\u00e1 \u0161kola:\u00a0<\/strong>603 807 979<\/p>\n\n\n\n<p class=\"has-small-font-size\"><strong>Omluven\u00ed nep\u0159\u00edtomnosti d\u00edt\u011bte v M\u0160:<\/strong> 603 807 979<\/p>\n\n\n\n<p class=\"has-small-font-size\"><strong>Telefon \u0159editelna:<\/strong> 773607121<\/p>\n\n\n\n<p class=\"has-blue-color has-text-color\"><span style=\"font-size: medium;\"><b>Funkci pov\u011b\u0159ence pro ochranu osobn\u00edch \u00fadaj\u016f <\/b><\/span><\/p>\n\n\n\n<p class=\"has-small-font-size\">od 25. kv\u011btna 2018 vykon\u00e1v\u00e1 pan\u00ed Ing. Renata \u0160talamachov\u00e1<\/p>\n\n\n\n<p class=\"has-small-font-size\">od 1. 9. 2022 vykon\u00e1v\u00e1 pan\u00ed Mgr. Jana Jochov\u00e1<\/p>\n\n\n\n<p class=\"has-small-font-size\">E-mailov\u00e1 adresa: hana.johnova@sms-sluzby.cz<\/p>\n\n\n\n<p class=\"has-small-font-size\">\u010c\u00edslo mobiln\u00edho telefonu: <span style=\"font-family: TimesNewRomanPSMT, serif;\"><span style=\"font-size: medium;\">+<\/span><\/span>420 777 314 148<\/p>\n","protected":false},"excerpt":{"rendered":"<p>Mate\u0159sk\u00e1 \u0161kola Jasenn\u00e1, okres Zl\u00edn, p\u0159\u00edsp\u011bvkov\u00e1 organizace Adresa: Jasenn\u00e1 \u010d. 255763 13 Jasenn\u00e1 I\u010cO: 70981230 \u0158editelka: Bc. Jitka Mal\u00e1 E-mail: skolka.jasenna@seznam.cz Telefon: Mate\u0159sk\u00e1 \u0161kola:\u00a0603 807 979 Omluven\u00ed nep\u0159\u00edtomnosti d\u00edt\u011bte v M\u0160: 603 807 979 Telefon \u0159editelna: 773607121 Funkci pov\u011b\u0159ence pro ochranu osobn\u00edch \u00fadaj\u016f od 25. kv\u011btna 2018 vykon\u00e1v\u00e1 pan\u00ed Ing. Renata \u0160talamachov\u00e1 od 1. 9. [&hellip;]<\/p>\n","protected":false},"author":1,"featured_media":0,"parent":0,"menu_order":0,"comment_status":"closed","ping_status":"closed","template":"","meta":[],"_links":{"self":[{"href":"https:\/\/skolkajasenna.cz\/index.php?rest_route=\/wp\/v2\/pages\/31"}],"collection":[{"href":"https:\/\/skolkajasenna.cz\/index.php?rest_route=\/wp\/v2\/pages"}],"about":[{"href":"https:\/\/skolkajasenna.cz\/index.php?rest_route=\/wp\/v2\/types\/page"}],"author":[{"embeddable":true,"href":"https:\/\/skolkajasenna.cz\/index.php?rest_route=\/wp\/v2\/users\/1"}],"replies":[{"embeddable":true,"href":"https:\/\/skolkajasenna.cz\/index.php?rest_route=%2Fwp%2Fv2%2Fcomments&post=31"}],"version-history":[{"count":23,"href":"https:\/\/skolkajasenna.cz\/index.php?rest_route=\/wp\/v2\/pages\/31\/revisions"}],"predecessor-version":[{"id":22321,"href":"https:\/\/skolkajasenna.cz\/index.php?rest_route=\/wp\/v2\/pages\/31\/revisions\/22321"}],"wp:attachment":[{"href":"https:\/\/skolkajasenna.cz\/index.php?rest_route=%2Fwp%2Fv2%2Fmedia&parent=31"}],"curies":[{"name":"wp","href":"https:\/\/api.w.org\/{rel}","templated":true}]}}