{"id":56,"date":"2016-08-23T20:59:08","date_gmt":"2016-08-23T19:59:08","guid":{"rendered":"https:\/\/skolkajasenna.cz\/?page_id=56"},"modified":"2025-10-31T11:03:09","modified_gmt":"2025-10-31T10:03:09","slug":"info-2","status":"publish","type":"page","link":"https:\/\/skolkajasenna.cz\/?page_id=56","title":{"rendered":"Info"},"content":{"rendered":"<p><!-- [if gte mso 9]><xml>\n <o:OfficeDocumentSettings>\n  <o:AllowPNG\/>\n <\/o:OfficeDocumentSettings>\n<\/xml><![endif]--><\/p>\n<h2><span style=\"color: #ff0000;\">INFORMACE PRO RODI\u010cE<\/span><\/h2>\n<p class=\"-wm-MsoNormal\">Ve\u0161ker\u00e9 informace naleznete v aplikaci NA\u0160E M\u0160<\/p>\n<p><!-- [if gte mso 10]>\n\n\n\n<style>\n \/* Style Definitions *\/\n table.MsoNormalTable\n\t{mso-style-name:\"Norm\u00e1ln\u00ed tabulka\";\n\tmso-tstyle-rowband-size:0;\n\tmso-tstyle-colband-size:0;\n\tmso-style-noshow:yes;\n\tmso-style-priority:99;\n\tmso-style-parent:\"\";\n\tmso-padding-alt:0cm 5.4pt 0cm 5.4pt;\n\tmso-para-margin-top:0cm;\n\tmso-para-margin-right:0cm;\n\tmso-para-margin-bottom:8.0pt;\n\tmso-para-margin-left:0cm;\n\tline-height:107%;\n\tmso-pagination:widow-orphan;\n\tfont-size:11.0pt;\n\tfont-family:\"Calibri\",sans-serif;\n\tmso-ascii-font-family:Calibri;\n\tmso-ascii-theme-font:minor-latin;\n\tmso-hansi-font-family:Calibri;\n\tmso-hansi-theme-font:minor-latin;\n\tmso-bidi-font-family:\"Times New Roman\";\n\tmso-bidi-theme-font:minor-bidi;\n\tmso-fareast-language:EN-US;}\n<\/style>\n\n\n\n<![endif]--><\/p>\n<p>&#8212;&#8212;&#8212;&#8212;&#8212;&#8212;&#8212;&#8212;&#8212;&#8212;&#8212;&#8212;&#8212;&#8212;&#8212;&#8212;&#8212;&#8212;&#8212;&#8212;&#8212;&#8212;&#8212;&#8212;&#8212;&#8212;&#8212;&#8212;&#8212;&#8212;&#8212;&#8212;&#8212;&#8212;&#8212;&#8212;&#8212;&#8212;&#8212;&#8212;&#8212;&#8212;&#8212;-<\/p>\n<p><!-- \/wp:paragraph --><\/p>\n<p><span style=\"color: #ff0000;\">\u00a0\u00a0<\/span><\/p>\n<p>Zde naleznete u\u017eite\u010dn\u00e9 informace, kter\u00e9 se V\u00e1m budou hodit p\u0159i <a href=\"https:\/\/skolkajasenna.cz\/?page_id=136\">p\u0159ihla\u0161ov\u00e1n\u00ed d\u011bt\u00ed do krou\u017ek\u016f<\/a>, prohl\u00e9dnout si m\u016f\u017eete i <a href=\"https:\/\/skolkajasenna.cz\/?page_id=158\">seznam z\u00e1kladn\u00edch v\u011bc\u00ed<\/a>, kter\u00e9 bude Va\u0161e d\u00edt\u011b ve \u0161kolce pot\u0159ebovat a v neposledn\u00ed \u0159ad\u011b se sezn\u00e1m\u00edte s &#8222;<a href=\"https:\/\/skolkajasenna.cz\/?page_id=146\">Desaterem pro rodi\u010de<\/a>&#8222;.<!-- \/wp:paragraph --><\/p>\n","protected":false},"excerpt":{"rendered":"<p>INFORMACE PRO RODI\u010cE Ve\u0161ker\u00e9 informace naleznete v aplikaci NA\u0160E M\u0160 &#8212;&#8212;&#8212;&#8212;&#8212;&#8212;&#8212;&#8212;&#8212;&#8212;&#8212;&#8212;&#8212;&#8212;&#8212;&#8212;&#8212;&#8212;&#8212;&#8212;&#8212;&#8212;&#8212;&#8212;&#8212;&#8212;&#8212;&#8212;&#8212;&#8212;&#8212;&#8212;&#8212;&#8212;&#8212;&#8212;&#8212;&#8212;&#8212;&#8212;&#8212;&#8212;&#8212;- \u00a0\u00a0 Zde naleznete u\u017eite\u010dn\u00e9 informace, kter\u00e9 se V\u00e1m budou hodit p\u0159i p\u0159ihla\u0161ov\u00e1n\u00ed d\u011bt\u00ed do krou\u017ek\u016f, prohl\u00e9dnout si m\u016f\u017eete i seznam z\u00e1kladn\u00edch v\u011bc\u00ed, kter\u00e9 bude Va\u0161e d\u00edt\u011b ve \u0161kolce pot\u0159ebovat a v neposledn\u00ed \u0159ad\u011b se sezn\u00e1m\u00edte s &#8222;Desaterem pro rodi\u010de&#8222;.<\/p>\n","protected":false},"author":1,"featured_media":0,"parent":0,"menu_order":0,"comment_status":"closed","ping_status":"closed","template":"","meta":[],"_links":{"self":[{"href":"https:\/\/skolkajasenna.cz\/index.php?rest_route=\/wp\/v2\/pages\/56"}],"collection":[{"href":"https:\/\/skolkajasenna.cz\/index.php?rest_route=\/wp\/v2\/pages"}],"about":[{"href":"https:\/\/skolkajasenna.cz\/index.php?rest_route=\/wp\/v2\/types\/page"}],"author":[{"embeddable":true,"href":"https:\/\/skolkajasenna.cz\/index.php?rest_route=\/wp\/v2\/users\/1"}],"replies":[{"embeddable":true,"href":"https:\/\/skolkajasenna.cz\/index.php?rest_route=%2Fwp%2Fv2%2Fcomments&post=56"}],"version-history":[{"count":96,"href":"https:\/\/skolkajasenna.cz\/index.php?rest_route=\/wp\/v2\/pages\/56\/revisions"}],"predecessor-version":[{"id":7351,"href":"https:\/\/skolkajasenna.cz\/index.php?rest_route=\/wp\/v2\/pages\/56\/revisions\/7351"}],"wp:attachment":[{"href":"https:\/\/skolkajasenna.cz\/index.php?rest_route=%2Fwp%2Fv2%2Fmedia&parent=56"}],"curies":[{"name":"wp","href":"https:\/\/api.w.org\/{rel}","templated":true}]}}