{"id":688,"date":"2018-05-28T21:12:20","date_gmt":"2018-05-28T20:12:20","guid":{"rendered":"https:\/\/skolkajasenna.cz\/?page_id=688"},"modified":"2023-10-12T13:59:06","modified_gmt":"2023-10-12T12:59:06","slug":"ochrana-osobnich-udaju","status":"publish","type":"page","link":"https:\/\/skolkajasenna.cz\/?page_id=688","title":{"rendered":"Ochrana osobn\u00edch \u00fadaj\u016f"},"content":{"rendered":"\n<div class=\"wp-block-file\"><a href=\"https:\/\/skolkajasenna.cz\/wp-content\/uploads\/2023\/10\/Informace-o-zpracovani-osobnich-udaju-MS-Jasenna-1.docx\">Informace o zpracovan\u00ed osobn\u00edch \u00fadaj\u016f MS Jasenna<\/a><a href=\"https:\/\/skolkajasenna.cz\/wp-content\/uploads\/2023\/10\/Informace-o-zpracovani-osobnich-udaju-MS-Jasenna-1.docx\" class=\"wp-block-file__button\" download>St\u00e1hnout<\/a><\/div>\n\n\n\n<div class=\"wp-block-file\"><a href=\"https:\/\/skolkajasenna.cz\/wp-content\/uploads\/2023\/10\/Kopie-WEB-INFO-MS-JASENNA-1.xlsx\">Oblasti, ve kter\u00fdch zpracov\u00e1v\u00e1 M\u0160 Jasenn\u00e1 osobn\u00ed \u00fadaje<\/a><a href=\"https:\/\/skolkajasenna.cz\/wp-content\/uploads\/2023\/10\/Kopie-WEB-INFO-MS-JASENNA-1.xlsx\" class=\"wp-block-file__button\" download>St\u00e1hnout<\/a><\/div>\n","protected":false},"excerpt":{"rendered":"","protected":false},"author":1,"featured_media":0,"parent":0,"menu_order":0,"comment_status":"closed","ping_status":"closed","template":"","meta":[],"_links":{"self":[{"href":"https:\/\/skolkajasenna.cz\/index.php?rest_route=\/wp\/v2\/pages\/688"}],"collection":[{"href":"https:\/\/skolkajasenna.cz\/index.php?rest_route=\/wp\/v2\/pages"}],"about":[{"href":"https:\/\/skolkajasenna.cz\/index.php?rest_route=\/wp\/v2\/types\/page"}],"author":[{"embeddable":true,"href":"https:\/\/skolkajasenna.cz\/index.php?rest_route=\/wp\/v2\/users\/1"}],"replies":[{"embeddable":true,"href":"https:\/\/skolkajasenna.cz\/index.php?rest_route=%2Fwp%2Fv2%2Fcomments&post=688"}],"version-history":[{"count":5,"href":"https:\/\/skolkajasenna.cz\/index.php?rest_route=\/wp\/v2\/pages\/688\/revisions"}],"predecessor-version":[{"id":1968,"href":"https:\/\/skolkajasenna.cz\/index.php?rest_route=\/wp\/v2\/pages\/688\/revisions\/1968"}],"wp:attachment":[{"href":"https:\/\/skolkajasenna.cz\/index.php?rest_route=%2Fwp%2Fv2%2Fmedia&parent=688"}],"curies":[{"name":"wp","href":"https:\/\/api.w.org\/{rel}","templated":true}]}}