{"id":743,"date":"2018-09-09T19:41:32","date_gmt":"2018-09-09T18:41:32","guid":{"rendered":"https:\/\/skolkajasenna.cz\/?page_id=743"},"modified":"2022-09-12T13:07:27","modified_gmt":"2022-09-12T12:07:27","slug":"starsi-jidelni-listky-rozcestnik","status":"publish","type":"page","link":"https:\/\/skolkajasenna.cz\/?page_id=743","title":{"rendered":"Star\u0161\u00ed j\u00eddeln\u00ed l\u00edstky &#8211; rozcestn\u00edk"},"content":{"rendered":"\n\n<ul>\n<li><a href=\"https:\/\/skolkajasenna.cz\/?page_id=746\">2016\/2017<\/a><\/li>\n<li><a href=\"https:\/\/skolkajasenna.cz\/?page_id=750\">2017\/2018<\/a><\/li>\n<li><a href=\"https:\/\/skolkajasenna.cz\/?page_id=788\">2018\/2019<\/a><\/li>\n<li><a href=\"https:\/\/skolkajasenna.cz\/?page_id=1118\">2019\/2020<\/a><\/li>\n<li><a href=\"https:\/\/skolkajasenna.cz\/?page_id=1120\">2020\/2021<\/a><\/li>\n<\/ul>\n\n\n<p><\/p>\n","protected":false},"excerpt":{"rendered":"<p>2016\/2017 2017\/2018 2018\/2019 2019\/2020 2020\/2021<\/p>\n","protected":false},"author":1,"featured_media":0,"parent":0,"menu_order":0,"comment_status":"closed","ping_status":"closed","template":"","meta":[],"_links":{"self":[{"href":"https:\/\/skolkajasenna.cz\/index.php?rest_route=\/wp\/v2\/pages\/743"}],"collection":[{"href":"https:\/\/skolkajasenna.cz\/index.php?rest_route=\/wp\/v2\/pages"}],"about":[{"href":"https:\/\/skolkajasenna.cz\/index.php?rest_route=\/wp\/v2\/types\/page"}],"author":[{"embeddable":true,"href":"https:\/\/skolkajasenna.cz\/index.php?rest_route=\/wp\/v2\/users\/1"}],"replies":[{"embeddable":true,"href":"https:\/\/skolkajasenna.cz\/index.php?rest_route=%2Fwp%2Fv2%2Fcomments&post=743"}],"version-history":[{"count":8,"href":"https:\/\/skolkajasenna.cz\/index.php?rest_route=\/wp\/v2\/pages\/743\/revisions"}],"predecessor-version":[{"id":1625,"href":"https:\/\/skolkajasenna.cz\/index.php?rest_route=\/wp\/v2\/pages\/743\/revisions\/1625"}],"wp:attachment":[{"href":"https:\/\/skolkajasenna.cz\/index.php?rest_route=%2Fwp%2Fv2%2Fmedia&parent=743"}],"curies":[{"name":"wp","href":"https:\/\/api.w.org\/{rel}","templated":true}]}}